{"id":103,"date":"2022-03-07T17:57:55","date_gmt":"2022-03-07T17:57:55","guid":{"rendered":"https:\/\/lex4.es\/?page_id=103"},"modified":"2022-05-11T15:14:51","modified_gmt":"2022-05-11T15:14:51","slug":"contacto","status":"publish","type":"page","link":"https:\/\/lex4.es\/es\/contacto","title":{"rendered":"Contacto"},"content":{"rendered":"\t\t<div data-elementor-type=\"wp-page\" data-elementor-id=\"103\" class=\"elementor elementor-103\" data-elementor-post-type=\"page\">\n\t\t\t\t\t\t<section class=\"elementor-section elementor-top-section elementor-element elementor-element-6c2d5de elementor-section-boxed elementor-section-height-default elementor-section-height-default\" data-id=\"6c2d5de\" data-element_type=\"section\" data-e-type=\"section\">\n\t\t\t\t\t\t<div class=\"elementor-container elementor-column-gap-default\">\n\t\t\t\t\t<div class=\"elementor-column elementor-col-50 elementor-top-column elementor-element elementor-element-ee11c2c\" data-id=\"ee11c2c\" data-element_type=\"column\" data-e-type=\"column\">\n\t\t\t<div class=\"elementor-widget-wrap elementor-element-populated\">\n\t\t\t\t\t\t<div class=\"elementor-element elementor-element-d27eb35 elementor-position-left elementor-vertical-align-middle elementor-widget elementor-widget-image-box\" data-id=\"d27eb35\" data-element_type=\"widget\" data-e-type=\"widget\" data-widget_type=\"image-box.default\">\n\t\t\t\t<div class=\"elementor-widget-container\">\n\t\t\t\t\t<div class=\"elementor-image-box-wrapper\"><figure class=\"elementor-image-box-img\"><img fetchpriority=\"high\" decoding=\"async\" width=\"512\" height=\"512\" src=\"https:\/\/lex4.es\/wp-content\/uploads\/2022\/01\/lex4-favicon.png\" class=\"attachment-full size-full wp-image-30\" alt=\"SOLCITORS MARBELLA\" srcset=\"https:\/\/lex4.es\/wp-content\/uploads\/2022\/01\/lex4-favicon.png 512w, https:\/\/lex4.es\/wp-content\/uploads\/2022\/01\/lex4-favicon-300x300.png 300w, https:\/\/lex4.es\/wp-content\/uploads\/2022\/01\/lex4-favicon-150x150.png 150w\" sizes=\"(max-width: 512px) 100vw, 512px\" \/><\/figure><div class=\"elementor-image-box-content\"><h3 class=\"elementor-image-box-title\">contacto<\/h3><\/div><\/div>\t\t\t\t<\/div>\n\t\t\t\t<\/div>\n\t\t\t\t<div class=\"elementor-element elementor-element-c11b19f elementor-widget elementor-widget-text-editor\" data-id=\"c11b19f\" data-element_type=\"widget\" data-e-type=\"widget\" data-widget_type=\"text-editor.default\">\n\t\t\t\t<div class=\"elementor-widget-container\">\n\t\t\t\t\t\t\t\t\t<p>P\u00f3ngase en contacto con nosotros para recibir m\u00e1s informaci\u00f3n sobre nuestros servicios o resolver sus dudas escribiendo a <a href=\"mailto:legal@lex4.es\">legal@lex4.es<\/a> o llamando al <a href=\"tel:%20(+34)%20622906189\">(+34) 622 906 189.<\/a><\/p>\t\t\t\t\t\t\t\t<\/div>\n\t\t\t\t<\/div>\n\t\t\t\t\t<\/div>\n\t\t<\/div>\n\t\t\t\t<div class=\"elementor-column elementor-col-50 elementor-top-column elementor-element elementor-element-7bd623f\" data-id=\"7bd623f\" data-element_type=\"column\" data-e-type=\"column\" data-settings=\"{&quot;background_background&quot;:&quot;classic&quot;}\">\n\t\t\t<div class=\"elementor-widget-wrap elementor-element-populated\">\n\t\t\t\t\t\t<div class=\"elementor-element elementor-element-f664676 elementor-button-align-start elementor-widget elementor-widget-form\" data-id=\"f664676\" data-element_type=\"widget\" data-e-type=\"widget\" data-settings=\"{&quot;step_next_label&quot;:&quot;siguiente&quot;,&quot;step_previous_label&quot;:&quot;Anterior&quot;,&quot;button_width&quot;:&quot;100&quot;,&quot;step_type&quot;:&quot;number_text&quot;,&quot;step_icon_shape&quot;:&quot;circle&quot;}\" data-widget_type=\"form.default\">\n\t\t\t\t<div class=\"elementor-widget-container\">\n\t\t\t\t\t\t\t<form class=\"elementor-form\" method=\"post\" name=\"Formulario de contacto\">\n\t\t\t<input type=\"hidden\" name=\"post_id\" value=\"103\"\/>\n\t\t\t<input type=\"hidden\" name=\"form_id\" value=\"f664676\"\/>\n\t\t\t<input type=\"hidden\" name=\"referer_title\" value=\"Contacto - Lex4\" \/>\n\n\t\t\t\t\t\t\t<input type=\"hidden\" name=\"queried_id\" value=\"103\"\/>\n\t\t\t\n\t\t\t<div class=\"elementor-form-fields-wrapper elementor-labels-above\">\n\t\t\t\t\t\t\t\t<div class=\"elementor-field-type-text elementor-field-group elementor-column elementor-field-group-name elementor-col-50 elementor-field-required elementor-mark-required\">\n\t\t\t\t\t\t\t\t\t\t\t\t<label for=\"form-field-name\" class=\"elementor-field-label\">\n\t\t\t\t\t\t\t\tNombre\t\t\t\t\t\t\t<\/label>\n\t\t\t\t\t\t\t\t\t\t\t\t\t\t<input size=\"1\" type=\"text\" name=\"form_fields[name]\" id=\"form-field-name\" class=\"elementor-field elementor-size-md  elementor-field-textual\" required=\"required\" aria-required=\"true\">\n\t\t\t\t\t\t\t\t\t\t\t<\/div>\n\t\t\t\t\t\t\t\t<div class=\"elementor-field-type-text elementor-field-group elementor-column elementor-field-group-field_8961850 elementor-col-50 elementor-field-required elementor-mark-required\">\n\t\t\t\t\t\t\t\t\t\t\t\t<label for=\"form-field-field_8961850\" class=\"elementor-field-label\">\n\t\t\t\t\t\t\t\tApellidos\t\t\t\t\t\t\t<\/label>\n\t\t\t\t\t\t\t\t\t\t\t\t\t\t<input size=\"1\" type=\"text\" name=\"form_fields[field_8961850]\" id=\"form-field-field_8961850\" class=\"elementor-field elementor-size-md  elementor-field-textual\" required=\"required\" aria-required=\"true\">\n\t\t\t\t\t\t\t\t\t\t\t<\/div>\n\t\t\t\t\t\t\t\t<div class=\"elementor-field-type-tel elementor-field-group elementor-column elementor-field-group-field_09b05f1 elementor-col-50\">\n\t\t\t\t\t\t\t\t\t\t\t\t<label for=\"form-field-field_09b05f1\" class=\"elementor-field-label\">\n\t\t\t\t\t\t\t\tTelefono\t\t\t\t\t\t\t<\/label>\n\t\t\t\t\t\t\t\t<input size=\"1\" type=\"tel\" name=\"form_fields[field_09b05f1]\" id=\"form-field-field_09b05f1\" class=\"elementor-field elementor-size-md  elementor-field-textual\" pattern=\"[0-9()#&amp;+*-=.]+\" title=\"Solo se aceptan n\u00fameros y caracteres de tel\u00e9fono (#,-,*,etc).\">\n\n\t\t\t\t\t\t<\/div>\n\t\t\t\t\t\t\t\t<div class=\"elementor-field-type-email elementor-field-group elementor-column elementor-field-group-email elementor-col-50 elementor-field-required elementor-mark-required\">\n\t\t\t\t\t\t\t\t\t\t\t\t<label for=\"form-field-email\" class=\"elementor-field-label\">\n\t\t\t\t\t\t\t\tCorreo electr\u00f3nico\t\t\t\t\t\t\t<\/label>\n\t\t\t\t\t\t\t\t\t\t\t\t\t\t<input size=\"1\" type=\"email\" name=\"form_fields[email]\" id=\"form-field-email\" class=\"elementor-field elementor-size-md  elementor-field-textual\" required=\"required\" aria-required=\"true\">\n\t\t\t\t\t\t\t\t\t\t\t<\/div>\n\t\t\t\t\t\t\t\t<div class=\"elementor-field-type-textarea elementor-field-group elementor-column elementor-field-group-message elementor-col-100\">\n\t\t\t\t\t\t\t\t\t\t\t\t<label for=\"form-field-message\" class=\"elementor-field-label\">\n\t\t\t\t\t\t\t\tmensaje\t\t\t\t\t\t\t<\/label>\n\t\t\t\t\t\t<textarea class=\"elementor-field-textual elementor-field  elementor-size-md\" name=\"form_fields[message]\" id=\"form-field-message\" rows=\"4\"><\/textarea>\t\t\t\t<\/div>\n\t\t\t\t\t\t\t\t<div class=\"elementor-field-type-acceptance elementor-field-group elementor-column elementor-field-group-field_90ec7dc elementor-col-100 elementor-field-required elementor-mark-required\">\n\t\t\t\t\t\t\t<div class=\"elementor-field-subgroup\">\n\t\t\t<span class=\"elementor-field-option\">\n\t\t\t\t<input type=\"checkbox\" name=\"form_fields[field_90ec7dc]\" id=\"form-field-field_90ec7dc\" class=\"elementor-field elementor-size-md  elementor-acceptance-field\" required=\"required\" aria-required=\"true\">\n\t\t\t\t<label for=\"form-field-field_90ec7dc\">He le\u00eddo y estoy conforme con los t\u00e9rminos y condiciones de la <a href=\"https:\/\/lex4.es\/politica-de-privacidad\">pol\u00edtica de privacidad<\/a> de lex4.<\/label>\t\t\t<\/span>\n\t\t<\/div>\n\t\t\t\t\t\t<\/div>\n\t\t\t\t\t\t\t\t<div class=\"elementor-field-group elementor-column elementor-field-type-submit elementor-col-100 e-form__buttons\">\n\t\t\t\t\t<button class=\"elementor-button elementor-size-md elementor-animation-float\" type=\"submit\">\n\t\t\t\t\t\t<span class=\"elementor-button-content-wrapper\">\n\t\t\t\t\t\t\t\t\t\t\t\t\t\t\t\t\t\t\t\t\t\t<span class=\"elementor-button-text\">Enviar<\/span>\n\t\t\t\t\t\t\t\t\t\t\t\t\t<\/span>\n\t\t\t\t\t<\/button>\n\t\t\t\t<\/div>\n\t\t\t<\/div>\n\t\t<\/form>\n\t\t\t\t\t\t<\/div>\n\t\t\t\t<\/div>\n\t\t\t\t\t<\/div>\n\t\t<\/div>\n\t\t\t\t\t<\/div>\n\t\t<\/section>\n\t\t\t\t<section class=\"elementor-section elementor-top-section elementor-element elementor-element-8afa20a elementor-reverse-tablet elementor-reverse-mobile elementor-section-boxed elementor-section-height-default elementor-section-height-default\" data-id=\"8afa20a\" data-element_type=\"section\" data-e-type=\"section\" data-settings=\"{&quot;background_background&quot;:&quot;classic&quot;}\">\n\t\t\t\t\t\t<div class=\"elementor-container elementor-column-gap-default\">\n\t\t\t\t\t<div class=\"elementor-column elementor-col-50 elementor-top-column elementor-element elementor-element-1b895b2\" data-id=\"1b895b2\" data-element_type=\"column\" data-e-type=\"column\" data-settings=\"{&quot;background_background&quot;:&quot;classic&quot;}\">\n\t\t\t<div class=\"elementor-widget-wrap elementor-element-populated\">\n\t\t\t\t\t\t<div class=\"elementor-element elementor-element-ab97c46 elementor-widget elementor-widget-text-editor\" data-id=\"ab97c46\" data-element_type=\"widget\" data-e-type=\"widget\" data-widget_type=\"text-editor.default\">\n\t\t\t\t<div class=\"elementor-widget-container\">\n\t\t\t\t\t\t\t\t\t<p>\u00bfNecesita atenci\u00f3n inmediata?<\/p>\t\t\t\t\t\t\t\t<\/div>\n\t\t\t\t<\/div>\n\t\t\t\t<div class=\"elementor-element elementor-element-102e0b5 elementor-widget elementor-widget-text-editor\" data-id=\"102e0b5\" data-element_type=\"widget\" data-e-type=\"widget\" data-widget_type=\"text-editor.default\">\n\t\t\t\t<div class=\"elementor-widget-container\">\n\t\t\t\t\t\t\t\t\t<p>Llame haciendo clic en el bot\u00f3n que aparece a continuaci\u00f3n para que un miembro de nuestro equipo le atienda con la mayor brevedad posible.<\/p>\t\t\t\t\t\t\t\t<\/div>\n\t\t\t\t<\/div>\n\t\t\t\t<div class=\"elementor-element elementor-element-b057615 elementor-align-left elementor-widget elementor-widget-button\" data-id=\"b057615\" data-element_type=\"widget\" data-e-type=\"widget\" data-widget_type=\"button.default\">\n\t\t\t\t<div class=\"elementor-widget-container\">\n\t\t\t\t\t\t\t\t\t<div class=\"elementor-button-wrapper\">\n\t\t\t\t\t<a class=\"elementor-button elementor-button-link elementor-size-md elementor-animation-float\" href=\"tel:(+34)622906189\">\n\t\t\t\t\t\t<span class=\"elementor-button-content-wrapper\">\n\t\t\t\t\t\t\t\t\t<span class=\"elementor-button-text\">Llamar ahora<\/span>\n\t\t\t\t\t<\/span>\n\t\t\t\t\t<\/a>\n\t\t\t\t<\/div>\n\t\t\t\t\t\t\t\t<\/div>\n\t\t\t\t<\/div>\n\t\t\t\t\t<\/div>\n\t\t<\/div>\n\t\t\t\t<div class=\"elementor-column elementor-col-50 elementor-top-column elementor-element elementor-element-a143c46 column\" data-id=\"a143c46\" data-element_type=\"column\" data-e-type=\"column\" data-settings=\"{&quot;background_background&quot;:&quot;classic&quot;}\">\n\t\t\t<div class=\"elementor-widget-wrap\">\n\t\t\t\t\t\t\t<\/div>\n\t\t<\/div>\n\t\t\t\t\t<\/div>\n\t\t<\/section>\n\t\t\t\t<\/div>\n\t\t","protected":false},"excerpt":{"rendered":"<p>contacto P\u00f3ngase en contacto con nosotros para recibir m\u00e1s informaci\u00f3n sobre nuestros servicios o resolver sus dudas escribiendo a legal@lex4.es o llamando al (+34) 622 906 189. \u00bfNecesita atenci\u00f3n inmediata? Llame haciendo clic en el bot\u00f3n que aparece a continuaci\u00f3n para que un miembro de nuestro equipo le atienda con la mayor brevedad posible. Llamar [&hellip;]<\/p>\n","protected":false},"author":1,"featured_media":0,"parent":0,"menu_order":0,"comment_status":"closed","ping_status":"closed","template":"","meta":{"_joinchat":[],"footnotes":""},"class_list":["post-103","page","type-page","status-publish","hentry"],"yoast_head":"<!-- This site is optimized with the Yoast SEO plugin v27.5 - https:\/\/yoast.com\/product\/yoast-seo-wordpress\/ -->\n<title>Contacto - Lex4<\/title>\n<meta name=\"description\" content=\"P\u00f3ngase en contacto con nosotros para recibir m\u00e1s informaci\u00f3n sobre nuestros servicios o resolver sus posibles dudas.\" \/>\n<meta name=\"robots\" content=\"index, follow, max-snippet:-1, max-image-preview:large, max-video-preview:-1\" \/>\n<link rel=\"canonical\" href=\"https:\/\/lex4.es\/es\/contacto\" \/>\n<meta property=\"og:locale\" content=\"es_ES\" \/>\n<meta property=\"og:type\" content=\"article\" \/>\n<meta property=\"og:title\" content=\"Contacto - Lex4\" \/>\n<meta property=\"og:description\" content=\"P\u00f3ngase en contacto con nosotros para recibir m\u00e1s informaci\u00f3n sobre nuestros servicios o resolver sus posibles dudas.\" \/>\n<meta property=\"og:url\" content=\"https:\/\/lex4.es\/es\/contacto\" \/>\n<meta property=\"og:site_name\" content=\"Lex4\" \/>\n<meta property=\"article:modified_time\" content=\"2022-05-11T15:14:51+00:00\" \/>\n<meta property=\"og:image\" content=\"http:\/\/lex4.es\/wp-content\/uploads\/2022\/01\/lex4-favicon.png\" \/>\n<meta name=\"twitter:card\" content=\"summary_large_image\" \/>\n<meta name=\"twitter:label1\" content=\"Tiempo de lectura\" \/>\n\t<meta name=\"twitter:data1\" content=\"1 minuto\" \/>\n<script type=\"application\/ld+json\" class=\"yoast-schema-graph\">{\"@context\":\"https:\\\/\\\/schema.org\",\"@graph\":[{\"@type\":\"WebPage\",\"@id\":\"https:\\\/\\\/lex4.es\\\/es\\\/contacto\",\"url\":\"https:\\\/\\\/lex4.es\\\/es\\\/contacto\",\"name\":\"Contacto - Lex4\",\"isPartOf\":{\"@id\":\"https:\\\/\\\/lex4.es\\\/es#website\"},\"primaryImageOfPage\":{\"@id\":\"https:\\\/\\\/lex4.es\\\/es\\\/contacto#primaryimage\"},\"image\":{\"@id\":\"https:\\\/\\\/lex4.es\\\/es\\\/contacto#primaryimage\"},\"thumbnailUrl\":\"http:\\\/\\\/lex4.es\\\/wp-content\\\/uploads\\\/2022\\\/01\\\/lex4-favicon.png\",\"datePublished\":\"2022-03-07T17:57:55+00:00\",\"dateModified\":\"2022-05-11T15:14:51+00:00\",\"description\":\"P\u00f3ngase en contacto con nosotros para recibir m\u00e1s informaci\u00f3n sobre nuestros servicios o resolver sus posibles dudas.\",\"breadcrumb\":{\"@id\":\"https:\\\/\\\/lex4.es\\\/es\\\/contacto#breadcrumb\"},\"inLanguage\":\"es\",\"potentialAction\":[{\"@type\":\"ReadAction\",\"target\":[\"https:\\\/\\\/lex4.es\\\/es\\\/contacto\"]}]},{\"@type\":\"ImageObject\",\"inLanguage\":\"es\",\"@id\":\"https:\\\/\\\/lex4.es\\\/es\\\/contacto#primaryimage\",\"url\":\"http:\\\/\\\/lex4.es\\\/wp-content\\\/uploads\\\/2022\\\/01\\\/lex4-favicon.png\",\"contentUrl\":\"http:\\\/\\\/lex4.es\\\/wp-content\\\/uploads\\\/2022\\\/01\\\/lex4-favicon.png\"},{\"@type\":\"BreadcrumbList\",\"@id\":\"https:\\\/\\\/lex4.es\\\/es\\\/contacto#breadcrumb\",\"itemListElement\":[{\"@type\":\"ListItem\",\"position\":1,\"name\":\"Portada\",\"item\":\"https:\\\/\\\/lex4.es\\\/es\"},{\"@type\":\"ListItem\",\"position\":2,\"name\":\"Contacto\"}]},{\"@type\":\"WebSite\",\"@id\":\"https:\\\/\\\/lex4.es\\\/es#website\",\"url\":\"https:\\\/\\\/lex4.es\\\/es\",\"name\":\"Lex4\",\"description\":\"Solicitors Marbella\",\"publisher\":{\"@id\":\"https:\\\/\\\/lex4.es\\\/es#organization\"},\"potentialAction\":[{\"@type\":\"SearchAction\",\"target\":{\"@type\":\"EntryPoint\",\"urlTemplate\":\"https:\\\/\\\/lex4.es\\\/es?s={search_term_string}\"},\"query-input\":{\"@type\":\"PropertyValueSpecification\",\"valueRequired\":true,\"valueName\":\"search_term_string\"}}],\"inLanguage\":\"es\"},{\"@type\":\"Organization\",\"@id\":\"https:\\\/\\\/lex4.es\\\/es#organization\",\"name\":\"lex4\",\"url\":\"https:\\\/\\\/lex4.es\\\/es\",\"logo\":{\"@type\":\"ImageObject\",\"inLanguage\":\"es\",\"@id\":\"https:\\\/\\\/lex4.es\\\/es#\\\/schema\\\/logo\\\/image\\\/\",\"url\":\"https:\\\/\\\/lex4.es\\\/wp-content\\\/uploads\\\/2022\\\/01\\\/lex4-logo-web-verde.png\",\"contentUrl\":\"https:\\\/\\\/lex4.es\\\/wp-content\\\/uploads\\\/2022\\\/01\\\/lex4-logo-web-verde.png\",\"width\":350,\"height\":100,\"caption\":\"lex4\"},\"image\":{\"@id\":\"https:\\\/\\\/lex4.es\\\/es#\\\/schema\\\/logo\\\/image\\\/\"}}]}<\/script>\n<!-- \/ Yoast SEO plugin. -->","yoast_head_json":{"title":"Contacto - Lex4","description":"P\u00f3ngase en contacto con nosotros para recibir m\u00e1s informaci\u00f3n sobre nuestros servicios o resolver sus posibles dudas.","robots":{"index":"index","follow":"follow","max-snippet":"max-snippet:-1","max-image-preview":"max-image-preview:large","max-video-preview":"max-video-preview:-1"},"canonical":"https:\/\/lex4.es\/es\/contacto","og_locale":"es_ES","og_type":"article","og_title":"Contacto - Lex4","og_description":"P\u00f3ngase en contacto con nosotros para recibir m\u00e1s informaci\u00f3n sobre nuestros servicios o resolver sus posibles dudas.","og_url":"https:\/\/lex4.es\/es\/contacto","og_site_name":"Lex4","article_modified_time":"2022-05-11T15:14:51+00:00","og_image":[{"url":"http:\/\/lex4.es\/wp-content\/uploads\/2022\/01\/lex4-favicon.png","type":"","width":"","height":""}],"twitter_card":"summary_large_image","twitter_misc":{"Tiempo de lectura":"1 minuto"},"schema":{"@context":"https:\/\/schema.org","@graph":[{"@type":"WebPage","@id":"https:\/\/lex4.es\/es\/contacto","url":"https:\/\/lex4.es\/es\/contacto","name":"Contacto - Lex4","isPartOf":{"@id":"https:\/\/lex4.es\/es#website"},"primaryImageOfPage":{"@id":"https:\/\/lex4.es\/es\/contacto#primaryimage"},"image":{"@id":"https:\/\/lex4.es\/es\/contacto#primaryimage"},"thumbnailUrl":"http:\/\/lex4.es\/wp-content\/uploads\/2022\/01\/lex4-favicon.png","datePublished":"2022-03-07T17:57:55+00:00","dateModified":"2022-05-11T15:14:51+00:00","description":"P\u00f3ngase en contacto con nosotros para recibir m\u00e1s informaci\u00f3n sobre nuestros servicios o resolver sus posibles dudas.","breadcrumb":{"@id":"https:\/\/lex4.es\/es\/contacto#breadcrumb"},"inLanguage":"es","potentialAction":[{"@type":"ReadAction","target":["https:\/\/lex4.es\/es\/contacto"]}]},{"@type":"ImageObject","inLanguage":"es","@id":"https:\/\/lex4.es\/es\/contacto#primaryimage","url":"http:\/\/lex4.es\/wp-content\/uploads\/2022\/01\/lex4-favicon.png","contentUrl":"http:\/\/lex4.es\/wp-content\/uploads\/2022\/01\/lex4-favicon.png"},{"@type":"BreadcrumbList","@id":"https:\/\/lex4.es\/es\/contacto#breadcrumb","itemListElement":[{"@type":"ListItem","position":1,"name":"Portada","item":"https:\/\/lex4.es\/es"},{"@type":"ListItem","position":2,"name":"Contacto"}]},{"@type":"WebSite","@id":"https:\/\/lex4.es\/es#website","url":"https:\/\/lex4.es\/es","name":"Lex4","description":"Solicitors Marbella","publisher":{"@id":"https:\/\/lex4.es\/es#organization"},"potentialAction":[{"@type":"SearchAction","target":{"@type":"EntryPoint","urlTemplate":"https:\/\/lex4.es\/es?s={search_term_string}"},"query-input":{"@type":"PropertyValueSpecification","valueRequired":true,"valueName":"search_term_string"}}],"inLanguage":"es"},{"@type":"Organization","@id":"https:\/\/lex4.es\/es#organization","name":"lex4","url":"https:\/\/lex4.es\/es","logo":{"@type":"ImageObject","inLanguage":"es","@id":"https:\/\/lex4.es\/es#\/schema\/logo\/image\/","url":"https:\/\/lex4.es\/wp-content\/uploads\/2022\/01\/lex4-logo-web-verde.png","contentUrl":"https:\/\/lex4.es\/wp-content\/uploads\/2022\/01\/lex4-logo-web-verde.png","width":350,"height":100,"caption":"lex4"},"image":{"@id":"https:\/\/lex4.es\/es#\/schema\/logo\/image\/"}}]}},"_links":{"self":[{"href":"https:\/\/lex4.es\/es\/wp-json\/wp\/v2\/pages\/103","targetHints":{"allow":["GET"]}}],"collection":[{"href":"https:\/\/lex4.es\/es\/wp-json\/wp\/v2\/pages"}],"about":[{"href":"https:\/\/lex4.es\/es\/wp-json\/wp\/v2\/types\/page"}],"author":[{"embeddable":true,"href":"https:\/\/lex4.es\/es\/wp-json\/wp\/v2\/users\/1"}],"replies":[{"embeddable":true,"href":"https:\/\/lex4.es\/es\/wp-json\/wp\/v2\/comments?post=103"}],"version-history":[{"count":71,"href":"https:\/\/lex4.es\/es\/wp-json\/wp\/v2\/pages\/103\/revisions"}],"predecessor-version":[{"id":1793,"href":"https:\/\/lex4.es\/es\/wp-json\/wp\/v2\/pages\/103\/revisions\/1793"}],"wp:attachment":[{"href":"https:\/\/lex4.es\/es\/wp-json\/wp\/v2\/media?parent=103"}],"curies":[{"name":"wp","href":"https:\/\/api.w.org\/{rel}","templated":true}]}}