{"id":1082,"date":"2022-03-25T20:04:04","date_gmt":"2022-03-25T20:04:04","guid":{"rendered":"https:\/\/lex4.es\/?page_id=1082"},"modified":"2022-09-19T15:39:52","modified_gmt":"2022-09-19T15:39:52","slug":"derecho-administrativo-publico","status":"publish","type":"page","link":"https:\/\/lex4.es\/es\/derecho-administrativo-publico","title":{"rendered":"Derecho Administrativo"},"content":{"rendered":"\t\t<div data-elementor-type=\"wp-page\" data-elementor-id=\"1082\" class=\"elementor elementor-1082\" data-elementor-post-type=\"page\">\n\t\t\t\t\t\t<section class=\"elementor-section elementor-top-section elementor-element elementor-element-264ff7d3 elementor-section-full_width elementor-section-height-default elementor-section-height-default\" data-id=\"264ff7d3\" data-element_type=\"section\" data-e-type=\"section\" data-settings=\"{&quot;background_background&quot;:&quot;classic&quot;}\">\n\t\t\t\t\t\t\t<div class=\"elementor-background-overlay\"><\/div>\n\t\t\t\t\t\t\t<div class=\"elementor-container elementor-column-gap-default\">\n\t\t\t\t\t<div class=\"elementor-column elementor-col-100 elementor-top-column elementor-element elementor-element-2319684c\" data-id=\"2319684c\" data-element_type=\"column\" data-e-type=\"column\">\n\t\t\t<div class=\"elementor-widget-wrap elementor-element-populated\">\n\t\t\t\t\t\t<div class=\"elementor-element elementor-element-6302298f elementor-widget elementor-widget-heading\" data-id=\"6302298f\" data-element_type=\"widget\" data-e-type=\"widget\" data-widget_type=\"heading.default\">\n\t\t\t\t<div class=\"elementor-widget-container\">\n\t\t\t\t\t<h2 class=\"elementor-heading-title elementor-size-default\">Derecho Administrativo y P\u00fablico<\/h2>\t\t\t\t<\/div>\n\t\t\t\t<\/div>\n\t\t\t\t\t<\/div>\n\t\t<\/div>\n\t\t\t\t\t<\/div>\n\t\t<\/section>\n\t\t\t\t<section class=\"elementor-section elementor-top-section elementor-element elementor-element-ab56f70 elementor-section-boxed elementor-section-height-default elementor-section-height-default\" data-id=\"ab56f70\" data-element_type=\"section\" data-e-type=\"section\">\n\t\t\t\t\t\t<div class=\"elementor-container elementor-column-gap-default\">\n\t\t\t\t\t<div class=\"elementor-column elementor-col-50 elementor-top-column elementor-element elementor-element-5d9a2875\" data-id=\"5d9a2875\" data-element_type=\"column\" data-e-type=\"column\">\n\t\t\t<div class=\"elementor-widget-wrap elementor-element-populated\">\n\t\t\t\t\t\t<div class=\"elementor-element elementor-element-34aca54c elementor-widget elementor-widget-text-editor\" data-id=\"34aca54c\" data-element_type=\"widget\" data-e-type=\"widget\" data-widget_type=\"text-editor.default\">\n\t\t\t\t<div class=\"elementor-widget-container\">\n\t\t\t\t\t\t\t\t\t<p>En relaci\u00f3n con el Derecho Administrativo y P\u00fablico, prestamos asesoramiento en defensa de los intereses de nuestros clientes en todo tipo de asuntos en los que est\u00e1 involucrada la Administraci\u00f3n P\u00fablica. En este sentido, ofrecemos servicios relacionados con:<\/p>\t\t\t\t\t\t\t\t<\/div>\n\t\t\t\t<\/div>\n\t\t\t\t\t<\/div>\n\t\t<\/div>\n\t\t\t\t<div class=\"elementor-column elementor-col-50 elementor-top-column elementor-element elementor-element-920df4b\" data-id=\"920df4b\" data-element_type=\"column\" data-e-type=\"column\">\n\t\t\t<div class=\"elementor-widget-wrap elementor-element-populated\">\n\t\t\t\t\t\t<div class=\"elementor-element elementor-element-25a97c6 elementor-align-start elementor-icon-list--layout-traditional elementor-list-item-link-full_width elementor-widget elementor-widget-icon-list\" data-id=\"25a97c6\" data-element_type=\"widget\" data-e-type=\"widget\" data-widget_type=\"icon-list.default\">\n\t\t\t\t<div class=\"elementor-widget-container\">\n\t\t\t\t\t\t\t<ul class=\"elementor-icon-list-items\">\n\t\t\t\t\t\t\t<li class=\"elementor-icon-list-item\">\n\t\t\t\t\t\t\t\t\t\t\t<span class=\"elementor-icon-list-icon\">\n\t\t\t\t\t\t\t<i aria-hidden=\"true\" class=\"fas fa-check\"><\/i>\t\t\t\t\t\t<\/span>\n\t\t\t\t\t\t\t\t\t\t<span class=\"elementor-icon-list-text\">Procedimientos sancionadores.<\/span>\n\t\t\t\t\t\t\t\t\t<\/li>\n\t\t\t\t\t\t\t\t<li class=\"elementor-icon-list-item\">\n\t\t\t\t\t\t\t\t\t\t\t<span class=\"elementor-icon-list-icon\">\n\t\t\t\t\t\t\t<i aria-hidden=\"true\" class=\"fas fa-check\"><\/i>\t\t\t\t\t\t<\/span>\n\t\t\t\t\t\t\t\t\t\t<span class=\"elementor-icon-list-text\">Procedimientos de reclamaci\u00f3n de responsabilidad patrimonial de la Administraci\u00f3n en todas sus fases.<\/span>\n\t\t\t\t\t\t\t\t\t<\/li>\n\t\t\t\t\t\t\t\t<li class=\"elementor-icon-list-item\">\n\t\t\t\t\t\t\t\t\t\t\t<span class=\"elementor-icon-list-icon\">\n\t\t\t\t\t\t\t<i aria-hidden=\"true\" class=\"fas fa-check\"><\/i>\t\t\t\t\t\t<\/span>\n\t\t\t\t\t\t\t\t\t\t<span class=\"elementor-icon-list-text\">Recursos administrativos de reposici\u00f3n, alzada frente a los actos dictados por la Administraci\u00f3n, etc.<\/span>\n\t\t\t\t\t\t\t\t\t<\/li>\n\t\t\t\t\t\t\t\t<li class=\"elementor-icon-list-item\">\n\t\t\t\t\t\t\t\t\t\t\t<span class=\"elementor-icon-list-icon\">\n\t\t\t\t\t\t\t<i aria-hidden=\"true\" class=\"fas fa-check\"><\/i>\t\t\t\t\t\t<\/span>\n\t\t\t\t\t\t\t\t\t\t<span class=\"elementor-icon-list-text\">Licitaciones y concursos p\u00fablicos, as\u00ed como la interposici\u00f3n de recursos especiales en materia de contrataci\u00f3n.<\/span>\n\t\t\t\t\t\t\t\t\t<\/li>\n\t\t\t\t\t\t\t\t<li class=\"elementor-icon-list-item\">\n\t\t\t\t\t\t\t\t\t\t\t<span class=\"elementor-icon-list-icon\">\n\t\t\t\t\t\t\t<i aria-hidden=\"true\" class=\"fas fa-check\"><\/i>\t\t\t\t\t\t<\/span>\n\t\t\t\t\t\t\t\t\t\t<span class=\"elementor-icon-list-text\">Ejecuci\u00f3n de contratos p\u00fablicos.<\/span>\n\t\t\t\t\t\t\t\t\t<\/li>\n\t\t\t\t\t\t\t\t<li class=\"elementor-icon-list-item\">\n\t\t\t\t\t\t\t\t\t\t\t<span class=\"elementor-icon-list-icon\">\n\t\t\t\t\t\t\t<i aria-hidden=\"true\" class=\"fas fa-check\"><\/i>\t\t\t\t\t\t<\/span>\n\t\t\t\t\t\t\t\t\t\t<span class=\"elementor-icon-list-text\">Sectores regulados (costas, aguas, carreteras, etc.). <\/span>\n\t\t\t\t\t\t\t\t\t<\/li>\n\t\t\t\t\t\t\t\t<li class=\"elementor-icon-list-item\">\n\t\t\t\t\t\t\t\t\t\t\t<span class=\"elementor-icon-list-icon\">\n\t\t\t\t\t\t\t<i aria-hidden=\"true\" class=\"fas fa-check\"><\/i>\t\t\t\t\t\t<\/span>\n\t\t\t\t\t\t\t\t\t\t<span class=\"elementor-icon-list-text\">Direcci\u00f3n letrada de los recursos contenciosos-administrativos que se formulen frente a la Administraci\u00f3n. <\/span>\n\t\t\t\t\t\t\t\t\t<\/li>\n\t\t\t\t\t\t<\/ul>\n\t\t\t\t\t\t<\/div>\n\t\t\t\t<\/div>\n\t\t\t\t\t<\/div>\n\t\t<\/div>\n\t\t\t\t\t<\/div>\n\t\t<\/section>\n\t\t\t\t<\/div>\n\t\t","protected":false},"excerpt":{"rendered":"<p>Derecho Administrativo y P\u00fablico En relaci\u00f3n con el Derecho Administrativo y P\u00fablico, prestamos asesoramiento en defensa de los intereses de nuestros clientes en todo tipo de asuntos en los que est\u00e1 involucrada la Administraci\u00f3n P\u00fablica. En este sentido, ofrecemos servicios relacionados con: Procedimientos sancionadores. Procedimientos de reclamaci\u00f3n de responsabilidad patrimonial de la Administraci\u00f3n en todas [&hellip;]<\/p>\n","protected":false},"author":1,"featured_media":2124,"parent":0,"menu_order":0,"comment_status":"closed","ping_status":"closed","template":"","meta":{"_joinchat":[],"footnotes":""},"class_list":["post-1082","page","type-page","status-publish","has-post-thumbnail","hentry"],"yoast_head":"<!-- This site is optimized with the Yoast SEO plugin v27.4 - https:\/\/yoast.com\/product\/yoast-seo-wordpress\/ -->\n<title>Derecho Administrativo Marbella | lex4 | Expertos Derecho P\u00fablico<\/title>\n<meta name=\"description\" content=\"Lex4 Abogados Marbella. Expertos en Derecho Administrativo y P\u00fablico: asesoramiento en asuntos relacionados con la Administraci\u00f3n P\u00fablica.\" \/>\n<meta name=\"robots\" content=\"index, follow, max-snippet:-1, max-image-preview:large, max-video-preview:-1\" \/>\n<link rel=\"canonical\" href=\"https:\/\/lex4.es\/es\/derecho-administrativo-publico\" \/>\n<meta property=\"og:locale\" content=\"es_ES\" \/>\n<meta property=\"og:type\" content=\"article\" \/>\n<meta property=\"og:title\" content=\"Derecho Administrativo Marbella | lex4 | Expertos Derecho P\u00fablico\" \/>\n<meta property=\"og:description\" content=\"Lex4 Abogados Marbella. Expertos en Derecho Administrativo y P\u00fablico: asesoramiento en asuntos relacionados con la Administraci\u00f3n P\u00fablica.\" \/>\n<meta property=\"og:url\" content=\"https:\/\/lex4.es\/es\/derecho-administrativo-publico\" \/>\n<meta property=\"og:site_name\" content=\"Lex4\" \/>\n<meta property=\"article:modified_time\" content=\"2022-09-19T15:39:52+00:00\" \/>\n<meta property=\"og:image\" content=\"https:\/\/lex4.es\/wp-content\/uploads\/2022\/08\/lex4-instagram.jpg\" \/>\n\t<meta property=\"og:image:width\" content=\"720\" \/>\n\t<meta property=\"og:image:height\" content=\"720\" \/>\n\t<meta property=\"og:image:type\" content=\"image\/jpeg\" \/>\n<meta name=\"twitter:card\" content=\"summary_large_image\" \/>\n<meta name=\"twitter:label1\" content=\"Tiempo de lectura\" \/>\n\t<meta name=\"twitter:data1\" content=\"1 minuto\" \/>\n<script type=\"application\/ld+json\" class=\"yoast-schema-graph\">{\"@context\":\"https:\\\/\\\/schema.org\",\"@graph\":[{\"@type\":\"WebPage\",\"@id\":\"https:\\\/\\\/lex4.es\\\/es\\\/derecho-administrativo-publico\",\"url\":\"https:\\\/\\\/lex4.es\\\/es\\\/derecho-administrativo-publico\",\"name\":\"Derecho Administrativo Marbella | lex4 | Expertos Derecho P\u00fablico\",\"isPartOf\":{\"@id\":\"https:\\\/\\\/lex4.es\\\/es#website\"},\"primaryImageOfPage\":{\"@id\":\"https:\\\/\\\/lex4.es\\\/es\\\/derecho-administrativo-publico#primaryimage\"},\"image\":{\"@id\":\"https:\\\/\\\/lex4.es\\\/es\\\/derecho-administrativo-publico#primaryimage\"},\"thumbnailUrl\":\"https:\\\/\\\/lex4.es\\\/wp-content\\\/uploads\\\/2022\\\/08\\\/lex4-instagram.jpg\",\"datePublished\":\"2022-03-25T20:04:04+00:00\",\"dateModified\":\"2022-09-19T15:39:52+00:00\",\"description\":\"Lex4 Abogados Marbella. Expertos en Derecho Administrativo y P\u00fablico: asesoramiento en asuntos relacionados con la Administraci\u00f3n P\u00fablica.\",\"breadcrumb\":{\"@id\":\"https:\\\/\\\/lex4.es\\\/es\\\/derecho-administrativo-publico#breadcrumb\"},\"inLanguage\":\"es\",\"potentialAction\":[{\"@type\":\"ReadAction\",\"target\":[\"https:\\\/\\\/lex4.es\\\/es\\\/derecho-administrativo-publico\"]}]},{\"@type\":\"ImageObject\",\"inLanguage\":\"es\",\"@id\":\"https:\\\/\\\/lex4.es\\\/es\\\/derecho-administrativo-publico#primaryimage\",\"url\":\"https:\\\/\\\/lex4.es\\\/wp-content\\\/uploads\\\/2022\\\/08\\\/lex4-instagram.jpg\",\"contentUrl\":\"https:\\\/\\\/lex4.es\\\/wp-content\\\/uploads\\\/2022\\\/08\\\/lex4-instagram.jpg\",\"width\":720,\"height\":720,\"caption\":\"Despacho de abogados en la Costa del Sol que ofrece servicios legales y fiscales\"},{\"@type\":\"BreadcrumbList\",\"@id\":\"https:\\\/\\\/lex4.es\\\/es\\\/derecho-administrativo-publico#breadcrumb\",\"itemListElement\":[{\"@type\":\"ListItem\",\"position\":1,\"name\":\"Portada\",\"item\":\"https:\\\/\\\/lex4.es\\\/es\"},{\"@type\":\"ListItem\",\"position\":2,\"name\":\"Derecho Administrativo\"}]},{\"@type\":\"WebSite\",\"@id\":\"https:\\\/\\\/lex4.es\\\/es#website\",\"url\":\"https:\\\/\\\/lex4.es\\\/es\",\"name\":\"Lex4\",\"description\":\"Solicitors Marbella\",\"publisher\":{\"@id\":\"https:\\\/\\\/lex4.es\\\/es#organization\"},\"potentialAction\":[{\"@type\":\"SearchAction\",\"target\":{\"@type\":\"EntryPoint\",\"urlTemplate\":\"https:\\\/\\\/lex4.es\\\/es?s={search_term_string}\"},\"query-input\":{\"@type\":\"PropertyValueSpecification\",\"valueRequired\":true,\"valueName\":\"search_term_string\"}}],\"inLanguage\":\"es\"},{\"@type\":\"Organization\",\"@id\":\"https:\\\/\\\/lex4.es\\\/es#organization\",\"name\":\"lex4\",\"url\":\"https:\\\/\\\/lex4.es\\\/es\",\"logo\":{\"@type\":\"ImageObject\",\"inLanguage\":\"es\",\"@id\":\"https:\\\/\\\/lex4.es\\\/es#\\\/schema\\\/logo\\\/image\\\/\",\"url\":\"https:\\\/\\\/lex4.es\\\/wp-content\\\/uploads\\\/2022\\\/01\\\/lex4-logo-web-verde.png\",\"contentUrl\":\"https:\\\/\\\/lex4.es\\\/wp-content\\\/uploads\\\/2022\\\/01\\\/lex4-logo-web-verde.png\",\"width\":350,\"height\":100,\"caption\":\"lex4\"},\"image\":{\"@id\":\"https:\\\/\\\/lex4.es\\\/es#\\\/schema\\\/logo\\\/image\\\/\"}}]}<\/script>\n<!-- \/ Yoast SEO plugin. -->","yoast_head_json":{"title":"Derecho Administrativo Marbella | lex4 | Expertos Derecho P\u00fablico","description":"Lex4 Abogados Marbella. Expertos en Derecho Administrativo y P\u00fablico: asesoramiento en asuntos relacionados con la Administraci\u00f3n P\u00fablica.","robots":{"index":"index","follow":"follow","max-snippet":"max-snippet:-1","max-image-preview":"max-image-preview:large","max-video-preview":"max-video-preview:-1"},"canonical":"https:\/\/lex4.es\/es\/derecho-administrativo-publico","og_locale":"es_ES","og_type":"article","og_title":"Derecho Administrativo Marbella | lex4 | Expertos Derecho P\u00fablico","og_description":"Lex4 Abogados Marbella. Expertos en Derecho Administrativo y P\u00fablico: asesoramiento en asuntos relacionados con la Administraci\u00f3n P\u00fablica.","og_url":"https:\/\/lex4.es\/es\/derecho-administrativo-publico","og_site_name":"Lex4","article_modified_time":"2022-09-19T15:39:52+00:00","og_image":[{"width":720,"height":720,"url":"https:\/\/lex4.es\/wp-content\/uploads\/2022\/08\/lex4-instagram.jpg","type":"image\/jpeg"}],"twitter_card":"summary_large_image","twitter_misc":{"Tiempo de lectura":"1 minuto"},"schema":{"@context":"https:\/\/schema.org","@graph":[{"@type":"WebPage","@id":"https:\/\/lex4.es\/es\/derecho-administrativo-publico","url":"https:\/\/lex4.es\/es\/derecho-administrativo-publico","name":"Derecho Administrativo Marbella | lex4 | Expertos Derecho P\u00fablico","isPartOf":{"@id":"https:\/\/lex4.es\/es#website"},"primaryImageOfPage":{"@id":"https:\/\/lex4.es\/es\/derecho-administrativo-publico#primaryimage"},"image":{"@id":"https:\/\/lex4.es\/es\/derecho-administrativo-publico#primaryimage"},"thumbnailUrl":"https:\/\/lex4.es\/wp-content\/uploads\/2022\/08\/lex4-instagram.jpg","datePublished":"2022-03-25T20:04:04+00:00","dateModified":"2022-09-19T15:39:52+00:00","description":"Lex4 Abogados Marbella. Expertos en Derecho Administrativo y P\u00fablico: asesoramiento en asuntos relacionados con la Administraci\u00f3n P\u00fablica.","breadcrumb":{"@id":"https:\/\/lex4.es\/es\/derecho-administrativo-publico#breadcrumb"},"inLanguage":"es","potentialAction":[{"@type":"ReadAction","target":["https:\/\/lex4.es\/es\/derecho-administrativo-publico"]}]},{"@type":"ImageObject","inLanguage":"es","@id":"https:\/\/lex4.es\/es\/derecho-administrativo-publico#primaryimage","url":"https:\/\/lex4.es\/wp-content\/uploads\/2022\/08\/lex4-instagram.jpg","contentUrl":"https:\/\/lex4.es\/wp-content\/uploads\/2022\/08\/lex4-instagram.jpg","width":720,"height":720,"caption":"Despacho de abogados en la Costa del Sol que ofrece servicios legales y fiscales"},{"@type":"BreadcrumbList","@id":"https:\/\/lex4.es\/es\/derecho-administrativo-publico#breadcrumb","itemListElement":[{"@type":"ListItem","position":1,"name":"Portada","item":"https:\/\/lex4.es\/es"},{"@type":"ListItem","position":2,"name":"Derecho Administrativo"}]},{"@type":"WebSite","@id":"https:\/\/lex4.es\/es#website","url":"https:\/\/lex4.es\/es","name":"Lex4","description":"Solicitors Marbella","publisher":{"@id":"https:\/\/lex4.es\/es#organization"},"potentialAction":[{"@type":"SearchAction","target":{"@type":"EntryPoint","urlTemplate":"https:\/\/lex4.es\/es?s={search_term_string}"},"query-input":{"@type":"PropertyValueSpecification","valueRequired":true,"valueName":"search_term_string"}}],"inLanguage":"es"},{"@type":"Organization","@id":"https:\/\/lex4.es\/es#organization","name":"lex4","url":"https:\/\/lex4.es\/es","logo":{"@type":"ImageObject","inLanguage":"es","@id":"https:\/\/lex4.es\/es#\/schema\/logo\/image\/","url":"https:\/\/lex4.es\/wp-content\/uploads\/2022\/01\/lex4-logo-web-verde.png","contentUrl":"https:\/\/lex4.es\/wp-content\/uploads\/2022\/01\/lex4-logo-web-verde.png","width":350,"height":100,"caption":"lex4"},"image":{"@id":"https:\/\/lex4.es\/es#\/schema\/logo\/image\/"}}]}},"_links":{"self":[{"href":"https:\/\/lex4.es\/es\/wp-json\/wp\/v2\/pages\/1082","targetHints":{"allow":["GET"]}}],"collection":[{"href":"https:\/\/lex4.es\/es\/wp-json\/wp\/v2\/pages"}],"about":[{"href":"https:\/\/lex4.es\/es\/wp-json\/wp\/v2\/types\/page"}],"author":[{"embeddable":true,"href":"https:\/\/lex4.es\/es\/wp-json\/wp\/v2\/users\/1"}],"replies":[{"embeddable":true,"href":"https:\/\/lex4.es\/es\/wp-json\/wp\/v2\/comments?post=1082"}],"version-history":[{"count":33,"href":"https:\/\/lex4.es\/es\/wp-json\/wp\/v2\/pages\/1082\/revisions"}],"predecessor-version":[{"id":2583,"href":"https:\/\/lex4.es\/es\/wp-json\/wp\/v2\/pages\/1082\/revisions\/2583"}],"wp:featuredmedia":[{"embeddable":true,"href":"https:\/\/lex4.es\/es\/wp-json\/wp\/v2\/media\/2124"}],"wp:attachment":[{"href":"https:\/\/lex4.es\/es\/wp-json\/wp\/v2\/media?parent=1082"}],"curies":[{"name":"wp","href":"https:\/\/api.w.org\/{rel}","templated":true}]}}