{"id":130,"date":"2022-03-08T17:17:06","date_gmt":"2022-03-08T17:17:06","guid":{"rendered":"https:\/\/lex4.es\/?page_id=130"},"modified":"2022-06-17T16:35:18","modified_gmt":"2022-06-17T16:35:18","slug":"golden-visa","status":"publish","type":"page","link":"https:\/\/lex4.es\/es\/golden-visa","title":{"rendered":"Golden Visa"},"content":{"rendered":"\t\t<div data-elementor-type=\"wp-page\" data-elementor-id=\"130\" class=\"elementor elementor-130\" data-elementor-post-type=\"page\">\n\t\t\t\t\t\t<section class=\"elementor-section elementor-top-section elementor-element elementor-element-1795f6b8 elementor-section-full_width elementor-section-height-default elementor-section-height-default\" data-id=\"1795f6b8\" data-element_type=\"section\" data-e-type=\"section\" data-settings=\"{&quot;background_background&quot;:&quot;classic&quot;}\">\n\t\t\t\t\t\t\t<div class=\"elementor-background-overlay\"><\/div>\n\t\t\t\t\t\t\t<div class=\"elementor-container elementor-column-gap-default\">\n\t\t\t\t\t<div class=\"elementor-column elementor-col-100 elementor-top-column elementor-element elementor-element-3466ce7b\" data-id=\"3466ce7b\" data-element_type=\"column\" data-e-type=\"column\">\n\t\t\t<div class=\"elementor-widget-wrap elementor-element-populated\">\n\t\t\t\t\t\t<div class=\"elementor-element elementor-element-4cf3c4bd elementor-widget elementor-widget-heading\" data-id=\"4cf3c4bd\" data-element_type=\"widget\" data-e-type=\"widget\" data-widget_type=\"heading.default\">\n\t\t\t\t<div class=\"elementor-widget-container\">\n\t\t\t\t\t<h2 class=\"elementor-heading-title elementor-size-default\">Golden Visa<\/h2>\t\t\t\t<\/div>\n\t\t\t\t<\/div>\n\t\t\t\t<div class=\"elementor-element elementor-element-2153366 elementor-widget elementor-widget-text-editor\" data-id=\"2153366\" data-element_type=\"widget\" data-e-type=\"widget\" data-widget_type=\"text-editor.default\">\n\t\t\t\t<div class=\"elementor-widget-container\">\n\t\t\t\t\t\t\t\t\tPermiso de residencia en Espa\u00f1a a trav\u00e9s de la inversi\u00f3n.\t\t\t\t\t\t\t\t<\/div>\n\t\t\t\t<\/div>\n\t\t\t\t\t<\/div>\n\t\t<\/div>\n\t\t\t\t\t<\/div>\n\t\t<\/section>\n\t\t\t\t<section class=\"elementor-section elementor-top-section elementor-element elementor-element-409c8e47 elementor-section-boxed elementor-section-height-default elementor-section-height-default\" data-id=\"409c8e47\" data-element_type=\"section\" data-e-type=\"section\">\n\t\t\t\t\t\t<div class=\"elementor-container elementor-column-gap-default\">\n\t\t\t\t\t<div class=\"elementor-column elementor-col-50 elementor-top-column elementor-element elementor-element-3e458f4a\" data-id=\"3e458f4a\" data-element_type=\"column\" data-e-type=\"column\">\n\t\t\t<div class=\"elementor-widget-wrap elementor-element-populated\">\n\t\t\t\t\t\t<div class=\"elementor-element elementor-element-5cb0d2ad elementor-widget elementor-widget-text-editor\" data-id=\"5cb0d2ad\" data-element_type=\"widget\" data-e-type=\"widget\" data-widget_type=\"text-editor.default\">\n\t\t\t\t<div class=\"elementor-widget-container\">\n\t\t\t\t\t\t\t\t\t<p>Uno de los m\u00e9todos m\u00e1s eficaces y r\u00e1pidos para obtener el permiso de residencia en Espa\u00f1a consiste en la realizaci\u00f3n de una inversi\u00f3n en el territorio espa\u00f1ol por parte de un ciudadano no perteneciente a la Uni\u00f3n Europea.<\/p><p>Para obtener la Golden Visa es necesario realizar una de las siguientes inversiones:<\/p>\t\t\t\t\t\t\t\t<\/div>\n\t\t\t\t<\/div>\n\t\t\t\t\t<\/div>\n\t\t<\/div>\n\t\t\t\t<div class=\"elementor-column elementor-col-50 elementor-top-column elementor-element elementor-element-8a63ce3\" data-id=\"8a63ce3\" data-element_type=\"column\" data-e-type=\"column\">\n\t\t\t<div class=\"elementor-widget-wrap elementor-element-populated\">\n\t\t\t\t\t\t<div class=\"elementor-element elementor-element-d36a896 elementor-align-start elementor-icon-list--layout-traditional elementor-list-item-link-full_width elementor-widget elementor-widget-icon-list\" data-id=\"d36a896\" data-element_type=\"widget\" data-e-type=\"widget\" data-widget_type=\"icon-list.default\">\n\t\t\t\t<div class=\"elementor-widget-container\">\n\t\t\t\t\t\t\t<ul class=\"elementor-icon-list-items\">\n\t\t\t\t\t\t\t<li class=\"elementor-icon-list-item\">\n\t\t\t\t\t\t\t\t\t\t\t<span class=\"elementor-icon-list-icon\">\n\t\t\t\t\t\t\t<i aria-hidden=\"true\" class=\"fas fa-check\"><\/i>\t\t\t\t\t\t<\/span>\n\t\t\t\t\t\t\t\t\t\t<span class=\"elementor-icon-list-text\">Adquirir bienes inmuebles por un valor igual o superior a 500.000\u20ac. Dicha inversi\u00f3n se puede realizar de forma personal oa trav\u00e9s de una sociedad.<\/span>\n\t\t\t\t\t\t\t\t\t<\/li>\n\t\t\t\t\t\t\t\t<li class=\"elementor-icon-list-item\">\n\t\t\t\t\t\t\t\t\t\t\t<span class=\"elementor-icon-list-icon\">\n\t\t\t\t\t\t\t<i aria-hidden=\"true\" class=\"fas fa-check\"><\/i>\t\t\t\t\t\t<\/span>\n\t\t\t\t\t\t\t\t\t\t<span class=\"elementor-icon-list-text\">Inversi\u00f3n de capital por un valor igual o superior a 1.000.000\u20ac en el capital social de una sociedad espa\u00f1ola, en fondos de inversi\u00f3n o dep\u00f3sitos bancarios.<\/span>\n\t\t\t\t\t\t\t\t\t<\/li>\n\t\t\t\t\t\t\t\t<li class=\"elementor-icon-list-item\">\n\t\t\t\t\t\t\t\t\t\t\t<span class=\"elementor-icon-list-icon\">\n\t\t\t\t\t\t\t<i aria-hidden=\"true\" class=\"fas fa-check\"><\/i>\t\t\t\t\t\t<\/span>\n\t\t\t\t\t\t\t\t\t\t<span class=\"elementor-icon-list-text\">Inversi\u00f3n en t\u00edtulos de deuda p\u00fablica espa\u00f1ola por valor igual o superior a 2.000.000\u20ac.<\/span>\n\t\t\t\t\t\t\t\t\t<\/li>\n\t\t\t\t\t\t\t\t<li class=\"elementor-icon-list-item\">\n\t\t\t\t\t\t\t\t\t\t\t<span class=\"elementor-icon-list-icon\">\n\t\t\t\t\t\t\t<i aria-hidden=\"true\" class=\"fas fa-check\"><\/i>\t\t\t\t\t\t<\/span>\n\t\t\t\t\t\t\t\t\t\t<span class=\"elementor-icon-list-text\">La realizaci\u00f3n de un proyecto empresarial que vaya a ser desarrollado en Espa\u00f1a y que sea considerado de inter\u00e9s general.<\/span>\n\t\t\t\t\t\t\t\t\t<\/li>\n\t\t\t\t\t\t<\/ul>\n\t\t\t\t\t\t<\/div>\n\t\t\t\t<\/div>\n\t\t\t\t\t<\/div>\n\t\t<\/div>\n\t\t\t\t\t<\/div>\n\t\t<\/section>\n\t\t\t\t<section class=\"elementor-section elementor-top-section elementor-element elementor-element-74d1a39 elementor-section-boxed elementor-section-height-default elementor-section-height-default\" data-id=\"74d1a39\" data-element_type=\"section\" data-e-type=\"section\" data-settings=\"{&quot;background_background&quot;:&quot;classic&quot;}\">\n\t\t\t\t\t\t<div class=\"elementor-container elementor-column-gap-default\">\n\t\t\t\t\t<div class=\"elementor-column elementor-col-50 elementor-top-column elementor-element elementor-element-fe892db\" data-id=\"fe892db\" data-element_type=\"column\" data-e-type=\"column\">\n\t\t\t<div class=\"elementor-widget-wrap elementor-element-populated\">\n\t\t\t\t\t\t<div class=\"elementor-element elementor-element-204faee elementor-widget elementor-widget-image\" data-id=\"204faee\" data-element_type=\"widget\" data-e-type=\"widget\" data-widget_type=\"image.default\">\n\t\t\t\t<div class=\"elementor-widget-container\">\n\t\t\t\t\t\t\t\t\t\t\t\t\t\t\t<img fetchpriority=\"high\" decoding=\"async\" width=\"688\" height=\"806\" src=\"https:\/\/lex4.es\/wp-content\/uploads\/2022\/03\/lex4-golden-visa-img-3.png\" class=\"attachment-full size-full wp-image-1022\" alt=\"SOLICITORS MARBELLA\" srcset=\"https:\/\/lex4.es\/wp-content\/uploads\/2022\/03\/lex4-golden-visa-img-3.png 688w, https:\/\/lex4.es\/wp-content\/uploads\/2022\/03\/lex4-golden-visa-img-3-256x300.png 256w\" sizes=\"(max-width: 688px) 100vw, 688px\" \/>\t\t\t\t\t\t\t\t\t\t\t\t\t\t\t<\/div>\n\t\t\t\t<\/div>\n\t\t\t\t\t<\/div>\n\t\t<\/div>\n\t\t\t\t<div class=\"elementor-column elementor-col-50 elementor-top-column elementor-element elementor-element-70efb2b\" data-id=\"70efb2b\" data-element_type=\"column\" data-e-type=\"column\">\n\t\t\t<div class=\"elementor-widget-wrap elementor-element-populated\">\n\t\t\t\t\t\t<div class=\"elementor-element elementor-element-d3564eb elementor-widget elementor-widget-text-editor\" data-id=\"d3564eb\" data-element_type=\"widget\" data-e-type=\"widget\" data-widget_type=\"text-editor.default\">\n\t\t\t\t<div class=\"elementor-widget-container\">\n\t\t\t\t\t\t\t\t\tLas principales ventajas de obtener el permiso de residencia en Espa\u00f1a a trav\u00e9s de la inversi\u00f3n son las siguientes:\t\t\t\t\t\t\t\t<\/div>\n\t\t\t\t<\/div>\n\t\t\t\t<div class=\"elementor-element elementor-element-0d392b5 elementor-align-start elementor-icon-list--layout-traditional elementor-list-item-link-full_width elementor-widget elementor-widget-icon-list\" data-id=\"0d392b5\" data-element_type=\"widget\" data-e-type=\"widget\" data-widget_type=\"icon-list.default\">\n\t\t\t\t<div class=\"elementor-widget-container\">\n\t\t\t\t\t\t\t<ul class=\"elementor-icon-list-items\">\n\t\t\t\t\t\t\t<li class=\"elementor-icon-list-item\">\n\t\t\t\t\t\t\t\t\t\t\t<span class=\"elementor-icon-list-icon\">\n\t\t\t\t\t\t\t<i aria-hidden=\"true\" class=\"fas fa-check\"><\/i>\t\t\t\t\t\t<\/span>\n\t\t\t\t\t\t\t\t\t\t<span class=\"elementor-icon-list-text\">Residir y trabajar en Espa\u00f1a, as\u00ed como desplazarse por los pa\u00edses pertenecientes al espacio Schengen.<\/span>\n\t\t\t\t\t\t\t\t\t<\/li>\n\t\t\t\t\t\t\t\t<li class=\"elementor-icon-list-item\">\n\t\t\t\t\t\t\t\t\t\t\t<span class=\"elementor-icon-list-icon\">\n\t\t\t\t\t\t\t<i aria-hidden=\"true\" class=\"fas fa-check\"><\/i>\t\t\t\t\t\t<\/span>\n\t\t\t\t\t\t\t\t\t\t<span class=\"elementor-icon-list-text\">No exige la residencia fiscal en territorio espa\u00f1ol. La residencia fiscal, implicar\u00eda residir en Espa\u00f1a m\u00e1s de 183 d\u00edas al a\u00f1o. La Golden Visa \u00fanicamente exige que el inversor viaje al menos una vez al territorio espa\u00f1ol.<\/span>\n\t\t\t\t\t\t\t\t\t<\/li>\n\t\t\t\t\t\t\t\t<li class=\"elementor-icon-list-item\">\n\t\t\t\t\t\t\t\t\t\t\t<span class=\"elementor-icon-list-icon\">\n\t\t\t\t\t\t\t<i aria-hidden=\"true\" class=\"fas fa-check\"><\/i>\t\t\t\t\t\t<\/span>\n\t\t\t\t\t\t\t\t\t\t<span class=\"elementor-icon-list-text\">Posibilidad de solicitar la autorizaci\u00f3n de residencia para sus familiares directos (c\u00f3nyuges, hijos menores de edad, hijos mayores de edad y padres dependientes econ\u00f3micamente del inversor).<\/span>\n\t\t\t\t\t\t\t\t\t<\/li>\n\t\t\t\t\t\t<\/ul>\n\t\t\t\t\t\t<\/div>\n\t\t\t\t<\/div>\n\t\t\t\t\t<\/div>\n\t\t<\/div>\n\t\t\t\t\t<\/div>\n\t\t<\/section>\n\t\t\t\t<section class=\"elementor-section elementor-top-section elementor-element elementor-element-3f9ff616 elementor-section-boxed elementor-section-height-default elementor-section-height-default\" data-id=\"3f9ff616\" data-element_type=\"section\" data-e-type=\"section\" data-settings=\"{&quot;background_background&quot;:&quot;classic&quot;}\">\n\t\t\t\t\t\t<div class=\"elementor-container elementor-column-gap-default\">\n\t\t\t\t\t<div class=\"elementor-column elementor-col-50 elementor-top-column elementor-element elementor-element-2d38c84c\" data-id=\"2d38c84c\" data-element_type=\"column\" data-e-type=\"column\">\n\t\t\t<div class=\"elementor-widget-wrap elementor-element-populated\">\n\t\t\t\t\t\t<div class=\"elementor-element elementor-element-6f878c00 elementor-widget elementor-widget-text-editor\" data-id=\"6f878c00\" data-element_type=\"widget\" data-e-type=\"widget\" data-widget_type=\"text-editor.default\">\n\t\t\t\t<div class=\"elementor-widget-container\">\n\t\t\t\t\t\t\t\t\t<p>\u00bfC\u00f3mo podemos ayudarle?<\/p>\t\t\t\t\t\t\t\t<\/div>\n\t\t\t\t<\/div>\n\t\t\t\t<div class=\"elementor-element elementor-element-9fbc357 elementor-widget elementor-widget-text-editor\" data-id=\"9fbc357\" data-element_type=\"widget\" data-e-type=\"widget\" data-widget_type=\"text-editor.default\">\n\t\t\t\t<div class=\"elementor-widget-container\">\n\t\t\t\t\t\t\t\t\tAcompa\u00f1amos en todo el proceso a nuestros clientes para obtener la Golden Visa y que puedan disfrutar de los beneficios del permiso de residencia en un pa\u00eds miembro de la Uni\u00f3n Europea.\t\t\t\t\t\t\t\t<\/div>\n\t\t\t\t<\/div>\n\t\t\t\t\t<\/div>\n\t\t<\/div>\n\t\t\t\t<div class=\"elementor-column elementor-col-50 elementor-top-column elementor-element elementor-element-4d299ac2\" data-id=\"4d299ac2\" data-element_type=\"column\" data-e-type=\"column\">\n\t\t\t<div class=\"elementor-widget-wrap elementor-element-populated\">\n\t\t\t\t\t\t<div class=\"elementor-element elementor-element-2d15d18 elementor-widget elementor-widget-image\" data-id=\"2d15d18\" data-element_type=\"widget\" data-e-type=\"widget\" data-widget_type=\"image.default\">\n\t\t\t\t<div class=\"elementor-widget-container\">\n\t\t\t\t\t\t\t\t\t\t\t\t\t\t\t<img decoding=\"async\" width=\"688\" height=\"806\" src=\"https:\/\/lex4.es\/wp-content\/uploads\/2022\/03\/lex4-golden-visa-img-3.jpg\" class=\"attachment-full size-full wp-image-621\" alt=\"SOLICITORS MARBELLA\" srcset=\"https:\/\/lex4.es\/wp-content\/uploads\/2022\/03\/lex4-golden-visa-img-3.jpg 688w, https:\/\/lex4.es\/wp-content\/uploads\/2022\/03\/lex4-golden-visa-img-3-256x300.jpg 256w\" sizes=\"(max-width: 688px) 100vw, 688px\" \/>\t\t\t\t\t\t\t\t\t\t\t\t\t\t\t<\/div>\n\t\t\t\t<\/div>\n\t\t\t\t\t<\/div>\n\t\t<\/div>\n\t\t\t\t\t<\/div>\n\t\t<\/section>\n\t\t\t\t<\/div>\n\t\t","protected":false},"excerpt":{"rendered":"<p>Golden Visa Permiso de residencia en Espa\u00f1a a trav\u00e9s de la inversi\u00f3n. Uno de los m\u00e9todos m\u00e1s eficaces y r\u00e1pidos para obtener el permiso de residencia en Espa\u00f1a consiste en la realizaci\u00f3n de una inversi\u00f3n en el territorio espa\u00f1ol por parte de un ciudadano no perteneciente a la Uni\u00f3n Europea. Para obtener la Golden Visa [&hellip;]<\/p>\n","protected":false},"author":1,"featured_media":0,"parent":0,"menu_order":0,"comment_status":"closed","ping_status":"closed","template":"","meta":{"_joinchat":[],"footnotes":""},"class_list":["post-130","page","type-page","status-publish","hentry"],"yoast_head":"<!-- This site is optimized with the Yoast SEO plugin v27.4 - https:\/\/yoast.com\/product\/yoast-seo-wordpress\/ -->\n<title>Golden Visa - Lex4<\/title>\n<meta name=\"description\" content=\"En lex4 guiamos a nuestros clientes para conseguir la Golden Visa en Espa\u00f1a de la manera m\u00e1s r\u00e1pida y eficaz.\" \/>\n<meta name=\"robots\" content=\"index, follow, max-snippet:-1, max-image-preview:large, max-video-preview:-1\" \/>\n<link rel=\"canonical\" href=\"https:\/\/lex4.es\/es\/golden-visa\" \/>\n<meta property=\"og:locale\" content=\"es_ES\" \/>\n<meta property=\"og:type\" content=\"article\" \/>\n<meta property=\"og:title\" content=\"Golden Visa - Lex4\" \/>\n<meta property=\"og:description\" content=\"En lex4 guiamos a nuestros clientes para conseguir la Golden Visa en Espa\u00f1a de la manera m\u00e1s r\u00e1pida y eficaz.\" \/>\n<meta property=\"og:url\" content=\"https:\/\/lex4.es\/es\/golden-visa\" \/>\n<meta property=\"og:site_name\" content=\"Lex4\" \/>\n<meta property=\"article:modified_time\" content=\"2022-06-17T16:35:18+00:00\" \/>\n<meta property=\"og:image\" content=\"https:\/\/lex4.es\/wp-content\/uploads\/2022\/03\/lex4-golden-visa-img-3.png\" \/>\n<meta name=\"twitter:card\" content=\"summary_large_image\" \/>\n<meta name=\"twitter:label1\" content=\"Tiempo de lectura\" \/>\n\t<meta name=\"twitter:data1\" content=\"2 minutos\" \/>\n<script type=\"application\/ld+json\" class=\"yoast-schema-graph\">{\"@context\":\"https:\\\/\\\/schema.org\",\"@graph\":[{\"@type\":\"WebPage\",\"@id\":\"https:\\\/\\\/lex4.es\\\/es\\\/golden-visa\",\"url\":\"https:\\\/\\\/lex4.es\\\/es\\\/golden-visa\",\"name\":\"Golden Visa - Lex4\",\"isPartOf\":{\"@id\":\"https:\\\/\\\/lex4.es\\\/es#website\"},\"primaryImageOfPage\":{\"@id\":\"https:\\\/\\\/lex4.es\\\/es\\\/golden-visa#primaryimage\"},\"image\":{\"@id\":\"https:\\\/\\\/lex4.es\\\/es\\\/golden-visa#primaryimage\"},\"thumbnailUrl\":\"https:\\\/\\\/lex4.es\\\/wp-content\\\/uploads\\\/2022\\\/03\\\/lex4-golden-visa-img-3.png\",\"datePublished\":\"2022-03-08T17:17:06+00:00\",\"dateModified\":\"2022-06-17T16:35:18+00:00\",\"description\":\"En lex4 guiamos a nuestros clientes para conseguir la Golden Visa en Espa\u00f1a de la manera m\u00e1s r\u00e1pida y eficaz.\",\"breadcrumb\":{\"@id\":\"https:\\\/\\\/lex4.es\\\/es\\\/golden-visa#breadcrumb\"},\"inLanguage\":\"es\",\"potentialAction\":[{\"@type\":\"ReadAction\",\"target\":[\"https:\\\/\\\/lex4.es\\\/es\\\/golden-visa\"]}]},{\"@type\":\"ImageObject\",\"inLanguage\":\"es\",\"@id\":\"https:\\\/\\\/lex4.es\\\/es\\\/golden-visa#primaryimage\",\"url\":\"https:\\\/\\\/lex4.es\\\/wp-content\\\/uploads\\\/2022\\\/03\\\/lex4-golden-visa-img-3.png\",\"contentUrl\":\"https:\\\/\\\/lex4.es\\\/wp-content\\\/uploads\\\/2022\\\/03\\\/lex4-golden-visa-img-3.png\"},{\"@type\":\"BreadcrumbList\",\"@id\":\"https:\\\/\\\/lex4.es\\\/es\\\/golden-visa#breadcrumb\",\"itemListElement\":[{\"@type\":\"ListItem\",\"position\":1,\"name\":\"Portada\",\"item\":\"https:\\\/\\\/lex4.es\\\/es\"},{\"@type\":\"ListItem\",\"position\":2,\"name\":\"Golden Visa\"}]},{\"@type\":\"WebSite\",\"@id\":\"https:\\\/\\\/lex4.es\\\/es#website\",\"url\":\"https:\\\/\\\/lex4.es\\\/es\",\"name\":\"Lex4\",\"description\":\"Solicitors Marbella\",\"publisher\":{\"@id\":\"https:\\\/\\\/lex4.es\\\/es#organization\"},\"potentialAction\":[{\"@type\":\"SearchAction\",\"target\":{\"@type\":\"EntryPoint\",\"urlTemplate\":\"https:\\\/\\\/lex4.es\\\/es?s={search_term_string}\"},\"query-input\":{\"@type\":\"PropertyValueSpecification\",\"valueRequired\":true,\"valueName\":\"search_term_string\"}}],\"inLanguage\":\"es\"},{\"@type\":\"Organization\",\"@id\":\"https:\\\/\\\/lex4.es\\\/es#organization\",\"name\":\"lex4\",\"url\":\"https:\\\/\\\/lex4.es\\\/es\",\"logo\":{\"@type\":\"ImageObject\",\"inLanguage\":\"es\",\"@id\":\"https:\\\/\\\/lex4.es\\\/es#\\\/schema\\\/logo\\\/image\\\/\",\"url\":\"https:\\\/\\\/lex4.es\\\/wp-content\\\/uploads\\\/2022\\\/01\\\/lex4-logo-web-verde.png\",\"contentUrl\":\"https:\\\/\\\/lex4.es\\\/wp-content\\\/uploads\\\/2022\\\/01\\\/lex4-logo-web-verde.png\",\"width\":350,\"height\":100,\"caption\":\"lex4\"},\"image\":{\"@id\":\"https:\\\/\\\/lex4.es\\\/es#\\\/schema\\\/logo\\\/image\\\/\"}}]}<\/script>\n<!-- \/ Yoast SEO plugin. -->","yoast_head_json":{"title":"Golden Visa - Lex4","description":"En lex4 guiamos a nuestros clientes para conseguir la Golden Visa en Espa\u00f1a de la manera m\u00e1s r\u00e1pida y eficaz.","robots":{"index":"index","follow":"follow","max-snippet":"max-snippet:-1","max-image-preview":"max-image-preview:large","max-video-preview":"max-video-preview:-1"},"canonical":"https:\/\/lex4.es\/es\/golden-visa","og_locale":"es_ES","og_type":"article","og_title":"Golden Visa - Lex4","og_description":"En lex4 guiamos a nuestros clientes para conseguir la Golden Visa en Espa\u00f1a de la manera m\u00e1s r\u00e1pida y eficaz.","og_url":"https:\/\/lex4.es\/es\/golden-visa","og_site_name":"Lex4","article_modified_time":"2022-06-17T16:35:18+00:00","og_image":[{"url":"https:\/\/lex4.es\/wp-content\/uploads\/2022\/03\/lex4-golden-visa-img-3.png","type":"","width":"","height":""}],"twitter_card":"summary_large_image","twitter_misc":{"Tiempo de lectura":"2 minutos"},"schema":{"@context":"https:\/\/schema.org","@graph":[{"@type":"WebPage","@id":"https:\/\/lex4.es\/es\/golden-visa","url":"https:\/\/lex4.es\/es\/golden-visa","name":"Golden Visa - Lex4","isPartOf":{"@id":"https:\/\/lex4.es\/es#website"},"primaryImageOfPage":{"@id":"https:\/\/lex4.es\/es\/golden-visa#primaryimage"},"image":{"@id":"https:\/\/lex4.es\/es\/golden-visa#primaryimage"},"thumbnailUrl":"https:\/\/lex4.es\/wp-content\/uploads\/2022\/03\/lex4-golden-visa-img-3.png","datePublished":"2022-03-08T17:17:06+00:00","dateModified":"2022-06-17T16:35:18+00:00","description":"En lex4 guiamos a nuestros clientes para conseguir la Golden Visa en Espa\u00f1a de la manera m\u00e1s r\u00e1pida y eficaz.","breadcrumb":{"@id":"https:\/\/lex4.es\/es\/golden-visa#breadcrumb"},"inLanguage":"es","potentialAction":[{"@type":"ReadAction","target":["https:\/\/lex4.es\/es\/golden-visa"]}]},{"@type":"ImageObject","inLanguage":"es","@id":"https:\/\/lex4.es\/es\/golden-visa#primaryimage","url":"https:\/\/lex4.es\/wp-content\/uploads\/2022\/03\/lex4-golden-visa-img-3.png","contentUrl":"https:\/\/lex4.es\/wp-content\/uploads\/2022\/03\/lex4-golden-visa-img-3.png"},{"@type":"BreadcrumbList","@id":"https:\/\/lex4.es\/es\/golden-visa#breadcrumb","itemListElement":[{"@type":"ListItem","position":1,"name":"Portada","item":"https:\/\/lex4.es\/es"},{"@type":"ListItem","position":2,"name":"Golden Visa"}]},{"@type":"WebSite","@id":"https:\/\/lex4.es\/es#website","url":"https:\/\/lex4.es\/es","name":"Lex4","description":"Solicitors Marbella","publisher":{"@id":"https:\/\/lex4.es\/es#organization"},"potentialAction":[{"@type":"SearchAction","target":{"@type":"EntryPoint","urlTemplate":"https:\/\/lex4.es\/es?s={search_term_string}"},"query-input":{"@type":"PropertyValueSpecification","valueRequired":true,"valueName":"search_term_string"}}],"inLanguage":"es"},{"@type":"Organization","@id":"https:\/\/lex4.es\/es#organization","name":"lex4","url":"https:\/\/lex4.es\/es","logo":{"@type":"ImageObject","inLanguage":"es","@id":"https:\/\/lex4.es\/es#\/schema\/logo\/image\/","url":"https:\/\/lex4.es\/wp-content\/uploads\/2022\/01\/lex4-logo-web-verde.png","contentUrl":"https:\/\/lex4.es\/wp-content\/uploads\/2022\/01\/lex4-logo-web-verde.png","width":350,"height":100,"caption":"lex4"},"image":{"@id":"https:\/\/lex4.es\/es#\/schema\/logo\/image\/"}}]}},"_links":{"self":[{"href":"https:\/\/lex4.es\/es\/wp-json\/wp\/v2\/pages\/130","targetHints":{"allow":["GET"]}}],"collection":[{"href":"https:\/\/lex4.es\/es\/wp-json\/wp\/v2\/pages"}],"about":[{"href":"https:\/\/lex4.es\/es\/wp-json\/wp\/v2\/types\/page"}],"author":[{"embeddable":true,"href":"https:\/\/lex4.es\/es\/wp-json\/wp\/v2\/users\/1"}],"replies":[{"embeddable":true,"href":"https:\/\/lex4.es\/es\/wp-json\/wp\/v2\/comments?post=130"}],"version-history":[{"count":72,"href":"https:\/\/lex4.es\/es\/wp-json\/wp\/v2\/pages\/130\/revisions"}],"predecessor-version":[{"id":1975,"href":"https:\/\/lex4.es\/es\/wp-json\/wp\/v2\/pages\/130\/revisions\/1975"}],"wp:attachment":[{"href":"https:\/\/lex4.es\/es\/wp-json\/wp\/v2\/media?parent=130"}],"curies":[{"name":"wp","href":"https:\/\/api.w.org\/{rel}","templated":true}]}}