{"id":138,"date":"2022-03-08T17:18:27","date_gmt":"2022-03-08T17:18:27","guid":{"rendered":"https:\/\/lex4.es\/?page_id=138"},"modified":"2022-09-19T14:21:57","modified_gmt":"2022-09-19T14:21:57","slug":"derecho-civil","status":"publish","type":"page","link":"https:\/\/lex4.es\/es\/derecho-civil","title":{"rendered":"Derecho Civil"},"content":{"rendered":"\t\t<div data-elementor-type=\"wp-page\" data-elementor-id=\"138\" class=\"elementor elementor-138\" data-elementor-post-type=\"page\">\n\t\t\t\t\t\t<section class=\"elementor-section elementor-top-section elementor-element elementor-element-77eb8321 elementor-section-full_width elementor-section-height-default elementor-section-height-default\" data-id=\"77eb8321\" data-element_type=\"section\" data-e-type=\"section\" data-settings=\"{&quot;background_background&quot;:&quot;classic&quot;}\">\n\t\t\t\t\t\t\t<div class=\"elementor-background-overlay\"><\/div>\n\t\t\t\t\t\t\t<div class=\"elementor-container elementor-column-gap-default\">\n\t\t\t\t\t<div class=\"elementor-column elementor-col-100 elementor-top-column elementor-element elementor-element-348fa72f\" data-id=\"348fa72f\" data-element_type=\"column\" data-e-type=\"column\">\n\t\t\t<div class=\"elementor-widget-wrap elementor-element-populated\">\n\t\t\t\t\t\t<div class=\"elementor-element elementor-element-57ade5a elementor-widget elementor-widget-heading\" data-id=\"57ade5a\" data-element_type=\"widget\" data-e-type=\"widget\" data-widget_type=\"heading.default\">\n\t\t\t\t<div class=\"elementor-widget-container\">\n\t\t\t\t\t<h2 class=\"elementor-heading-title elementor-size-default\">Derecho Civil<\/h2>\t\t\t\t<\/div>\n\t\t\t\t<\/div>\n\t\t\t\t\t<\/div>\n\t\t<\/div>\n\t\t\t\t\t<\/div>\n\t\t<\/section>\n\t\t\t\t<section class=\"elementor-section elementor-top-section elementor-element elementor-element-c9ef496 elementor-section-boxed elementor-section-height-default elementor-section-height-default\" data-id=\"c9ef496\" data-element_type=\"section\" data-e-type=\"section\">\n\t\t\t\t\t\t<div class=\"elementor-container elementor-column-gap-default\">\n\t\t\t\t\t<div class=\"elementor-column elementor-col-50 elementor-top-column elementor-element elementor-element-10305ca9\" data-id=\"10305ca9\" data-element_type=\"column\" data-e-type=\"column\">\n\t\t\t<div class=\"elementor-widget-wrap elementor-element-populated\">\n\t\t\t\t\t\t<div class=\"elementor-element elementor-element-23a1c033 elementor-widget elementor-widget-text-editor\" data-id=\"23a1c033\" data-element_type=\"widget\" data-e-type=\"widget\" data-widget_type=\"text-editor.default\">\n\t\t\t\t<div class=\"elementor-widget-container\">\n\t\t\t\t\t\t\t\t\tPonemos a su disposici\u00f3n los mejores profesionales especializados en el asesoramiento, asistencia y defensa en toda clase de contratos y juicios civiles: reclamaciones ante tribunales, presentaci\u00f3n y \/ o contestaci\u00f3n de demandas, ejecuci\u00f3n de documentos p\u00fablicos, reclamaci\u00f3n de deudas, etc; atendiendo siempre a sus intereses.\t\t\t\t\t\t\t\t<\/div>\n\t\t\t\t<\/div>\n\t\t\t\t\t<\/div>\n\t\t<\/div>\n\t\t\t\t<div class=\"elementor-column elementor-col-50 elementor-top-column elementor-element elementor-element-3db5009d\" data-id=\"3db5009d\" data-element_type=\"column\" data-e-type=\"column\">\n\t\t\t<div class=\"elementor-widget-wrap elementor-element-populated\">\n\t\t\t\t\t\t<div class=\"elementor-element elementor-element-511e7342 elementor-widget elementor-widget-accordion\" data-id=\"511e7342\" data-element_type=\"widget\" data-e-type=\"widget\" data-widget_type=\"accordion.default\">\n\t\t\t\t<div class=\"elementor-widget-container\">\n\t\t\t\t\t\t\t<div class=\"elementor-accordion\">\n\t\t\t\t\t\t\t<div class=\"elementor-accordion-item\">\n\t\t\t\t\t<div id=\"elementor-tab-title-1361\" class=\"elementor-tab-title\" data-tab=\"1\" role=\"button\" aria-controls=\"elementor-tab-content-1361\" aria-expanded=\"false\">\n\t\t\t\t\t\t\t\t\t\t\t\t\t<span class=\"elementor-accordion-icon elementor-accordion-icon-right\" aria-hidden=\"true\">\n\t\t\t\t\t\t\t\t\t\t\t\t\t\t\t<span class=\"elementor-accordion-icon-closed\"><i class=\"fas fa-caret-down\"><\/i><\/span>\n\t\t\t\t\t\t\t\t<span class=\"elementor-accordion-icon-opened\"><i class=\"fas fa-caret-up\"><\/i><\/span>\n\t\t\t\t\t\t\t\t\t\t\t\t\t\t<\/span>\n\t\t\t\t\t\t\t\t\t\t\t\t<a class=\"elementor-accordion-title\" tabindex=\"0\">Desahucios<\/a>\n\t\t\t\t\t<\/div>\n\t\t\t\t\t<div id=\"elementor-tab-content-1361\" class=\"elementor-tab-content elementor-clearfix\" data-tab=\"1\" role=\"region\" aria-labelledby=\"elementor-tab-title-1361\"><p>R\u00e1pida actuaci\u00f3n ante el impago de rentas u ocupaci\u00f3n ilegal de un inmueble, interponiendo la correspondiente demanda en un plazo de 48 horas desde la recepci\u00f3n de la documentaci\u00f3n.<\/p><\/div>\n\t\t\t\t<\/div>\n\t\t\t\t\t\t\t<div class=\"elementor-accordion-item\">\n\t\t\t\t\t<div id=\"elementor-tab-title-1362\" class=\"elementor-tab-title\" data-tab=\"2\" role=\"button\" aria-controls=\"elementor-tab-content-1362\" aria-expanded=\"false\">\n\t\t\t\t\t\t\t\t\t\t\t\t\t<span class=\"elementor-accordion-icon elementor-accordion-icon-right\" aria-hidden=\"true\">\n\t\t\t\t\t\t\t\t\t\t\t\t\t\t\t<span class=\"elementor-accordion-icon-closed\"><i class=\"fas fa-caret-down\"><\/i><\/span>\n\t\t\t\t\t\t\t\t<span class=\"elementor-accordion-icon-opened\"><i class=\"fas fa-caret-up\"><\/i><\/span>\n\t\t\t\t\t\t\t\t\t\t\t\t\t\t<\/span>\n\t\t\t\t\t\t\t\t\t\t\t\t<a class=\"elementor-accordion-title\" tabindex=\"0\">Arrendamientos y propiedad horizontal<\/a>\n\t\t\t\t\t<\/div>\n\t\t\t\t\t<div id=\"elementor-tab-content-1362\" class=\"elementor-tab-content elementor-clearfix\" data-tab=\"2\" role=\"region\" aria-labelledby=\"elementor-tab-title-1362\">Asesoramiento a comunidades de propietarios en las diferentes acciones de recuperaci\u00f3n de deuda, as\u00ed como en los distintos acuerdos que puedan adoptarse en las juntas correspondientes. Tambi\u00e9n asesoramos en materia urban\u00edstica.<\/div>\n\t\t\t\t<\/div>\n\t\t\t\t\t\t\t<div class=\"elementor-accordion-item\">\n\t\t\t\t\t<div id=\"elementor-tab-title-1363\" class=\"elementor-tab-title\" data-tab=\"3\" role=\"button\" aria-controls=\"elementor-tab-content-1363\" aria-expanded=\"false\">\n\t\t\t\t\t\t\t\t\t\t\t\t\t<span class=\"elementor-accordion-icon elementor-accordion-icon-right\" aria-hidden=\"true\">\n\t\t\t\t\t\t\t\t\t\t\t\t\t\t\t<span class=\"elementor-accordion-icon-closed\"><i class=\"fas fa-caret-down\"><\/i><\/span>\n\t\t\t\t\t\t\t\t<span class=\"elementor-accordion-icon-opened\"><i class=\"fas fa-caret-up\"><\/i><\/span>\n\t\t\t\t\t\t\t\t\t\t\t\t\t\t<\/span>\n\t\t\t\t\t\t\t\t\t\t\t\t<a class=\"elementor-accordion-title\" tabindex=\"0\">Obligaciones y contratos<\/a>\n\t\t\t\t\t<\/div>\n\t\t\t\t\t<div id=\"elementor-tab-content-1363\" class=\"elementor-tab-content elementor-clearfix\" data-tab=\"3\" role=\"region\" aria-labelledby=\"elementor-tab-title-1363\">Redacci\u00f3n de todo tipo de contratos, asistencia y asesoramiento ante el incumplimiento de los mismos (responsabilidad civil contractual y extracontractual).<\/div>\n\t\t\t\t<\/div>\n\t\t\t\t\t\t\t<div class=\"elementor-accordion-item\">\n\t\t\t\t\t<div id=\"elementor-tab-title-1364\" class=\"elementor-tab-title\" data-tab=\"4\" role=\"button\" aria-controls=\"elementor-tab-content-1364\" aria-expanded=\"false\">\n\t\t\t\t\t\t\t\t\t\t\t\t\t<span class=\"elementor-accordion-icon elementor-accordion-icon-right\" aria-hidden=\"true\">\n\t\t\t\t\t\t\t\t\t\t\t\t\t\t\t<span class=\"elementor-accordion-icon-closed\"><i class=\"fas fa-caret-down\"><\/i><\/span>\n\t\t\t\t\t\t\t\t<span class=\"elementor-accordion-icon-opened\"><i class=\"fas fa-caret-up\"><\/i><\/span>\n\t\t\t\t\t\t\t\t\t\t\t\t\t\t<\/span>\n\t\t\t\t\t\t\t\t\t\t\t\t<a class=\"elementor-accordion-title\" tabindex=\"0\">Accidentes de trafico<\/a>\n\t\t\t\t\t<\/div>\n\t\t\t\t\t<div id=\"elementor-tab-content-1364\" class=\"elementor-tab-content elementor-clearfix\" data-tab=\"4\" role=\"region\" aria-labelledby=\"elementor-tab-title-1364\"><p>El objetivo de nuestros profesionales expertos en accidentes de tr\u00e1fico es el de proporcionarle una indemnizaci\u00f3n justa.<\/p><\/div>\n\t\t\t\t<\/div>\n\t\t\t\t\t\t\t<div class=\"elementor-accordion-item\">\n\t\t\t\t\t<div id=\"elementor-tab-title-1365\" class=\"elementor-tab-title\" data-tab=\"5\" role=\"button\" aria-controls=\"elementor-tab-content-1365\" aria-expanded=\"false\">\n\t\t\t\t\t\t\t\t\t\t\t\t\t<span class=\"elementor-accordion-icon elementor-accordion-icon-right\" aria-hidden=\"true\">\n\t\t\t\t\t\t\t\t\t\t\t\t\t\t\t<span class=\"elementor-accordion-icon-closed\"><i class=\"fas fa-caret-down\"><\/i><\/span>\n\t\t\t\t\t\t\t\t<span class=\"elementor-accordion-icon-opened\"><i class=\"fas fa-caret-up\"><\/i><\/span>\n\t\t\t\t\t\t\t\t\t\t\t\t\t\t<\/span>\n\t\t\t\t\t\t\t\t\t\t\t\t<a class=\"elementor-accordion-title\" tabindex=\"0\">Da\u00f1os y perjuicios<\/a>\n\t\t\t\t\t<\/div>\n\t\t\t\t\t<div id=\"elementor-tab-content-1365\" class=\"elementor-tab-content elementor-clearfix\" data-tab=\"5\" role=\"region\" aria-labelledby=\"elementor-tab-title-1365\">Reclamaci\u00f3n por da\u00f1os f\u00edsicos y morales, indemnizaciones por ca\u00eddas en la v\u00eda p\u00fablica, reclamaciones ante ruidos y reclamaci\u00f3n ante posibles errores m\u00e9dicos.<\/div>\n\t\t\t\t<\/div>\n\t\t\t\t\t\t\t<div class=\"elementor-accordion-item\">\n\t\t\t\t\t<div id=\"elementor-tab-title-1366\" class=\"elementor-tab-title\" data-tab=\"6\" role=\"button\" aria-controls=\"elementor-tab-content-1366\" aria-expanded=\"false\">\n\t\t\t\t\t\t\t\t\t\t\t\t\t<span class=\"elementor-accordion-icon elementor-accordion-icon-right\" aria-hidden=\"true\">\n\t\t\t\t\t\t\t\t\t\t\t\t\t\t\t<span class=\"elementor-accordion-icon-closed\"><i class=\"fas fa-caret-down\"><\/i><\/span>\n\t\t\t\t\t\t\t\t<span class=\"elementor-accordion-icon-opened\"><i class=\"fas fa-caret-up\"><\/i><\/span>\n\t\t\t\t\t\t\t\t\t\t\t\t\t\t<\/span>\n\t\t\t\t\t\t\t\t\t\t\t\t<a class=\"elementor-accordion-title\" tabindex=\"0\">Defensa de consumidores y usuarios<\/a>\n\t\t\t\t\t<\/div>\n\t\t\t\t\t<div id=\"elementor-tab-content-1366\" class=\"elementor-tab-content elementor-clearfix\" data-tab=\"6\" role=\"region\" aria-labelledby=\"elementor-tab-title-1366\">Nuestra labor es la de defender sus derechos como consumidor en aquellos momentos abusivos por parte de las distintas compa\u00f1\u00edas de productos y servicios.<\/div>\n\t\t\t\t<\/div>\n\t\t\t\t\t\t\t<div class=\"elementor-accordion-item\">\n\t\t\t\t\t<div id=\"elementor-tab-title-1367\" class=\"elementor-tab-title\" data-tab=\"7\" role=\"button\" aria-controls=\"elementor-tab-content-1367\" aria-expanded=\"false\">\n\t\t\t\t\t\t\t\t\t\t\t\t\t<span class=\"elementor-accordion-icon elementor-accordion-icon-right\" aria-hidden=\"true\">\n\t\t\t\t\t\t\t\t\t\t\t\t\t\t\t<span class=\"elementor-accordion-icon-closed\"><i class=\"fas fa-caret-down\"><\/i><\/span>\n\t\t\t\t\t\t\t\t<span class=\"elementor-accordion-icon-opened\"><i class=\"fas fa-caret-up\"><\/i><\/span>\n\t\t\t\t\t\t\t\t\t\t\t\t\t\t<\/span>\n\t\t\t\t\t\t\t\t\t\t\t\t<a class=\"elementor-accordion-title\" tabindex=\"0\">Procesos contra compa\u00f1\u00edas de seguros<\/a>\n\t\t\t\t\t<\/div>\n\t\t\t\t\t<div id=\"elementor-tab-content-1367\" class=\"elementor-tab-content elementor-clearfix\" data-tab=\"7\" role=\"region\" aria-labelledby=\"elementor-tab-title-1367\"><strong>Seguros de vida:<\/strong> Reclamamos p\u00f3lizas de seguro de vida tanto por fallecimiento como por incapacidad laboral cuando la compa\u00f1\u00eda aseguradora est\u00e1 obligada a pagar una indemnizaci\u00f3n al accidentado o su familia en caso de fallecimiento de este. Reclamaciones a seguros de enfermedad y asistencia sanitaria.\n\n<strong>Seguro de enfermedad y asistencia sanitaria:<\/strong> Reclamaciones de p\u00f3lizas en caso de que el asegurado caiga enfermo o sufra alguna lesi\u00f3n prevista en la cobertura de la p\u00f3liza.<\/div>\n\t\t\t\t<\/div>\n\t\t\t\t\t\t\t<div class=\"elementor-accordion-item\">\n\t\t\t\t\t<div id=\"elementor-tab-title-1368\" class=\"elementor-tab-title\" data-tab=\"8\" role=\"button\" aria-controls=\"elementor-tab-content-1368\" aria-expanded=\"false\">\n\t\t\t\t\t\t\t\t\t\t\t\t\t<span class=\"elementor-accordion-icon elementor-accordion-icon-right\" aria-hidden=\"true\">\n\t\t\t\t\t\t\t\t\t\t\t\t\t\t\t<span class=\"elementor-accordion-icon-closed\"><i class=\"fas fa-caret-down\"><\/i><\/span>\n\t\t\t\t\t\t\t\t<span class=\"elementor-accordion-icon-opened\"><i class=\"fas fa-caret-up\"><\/i><\/span>\n\t\t\t\t\t\t\t\t\t\t\t\t\t\t<\/span>\n\t\t\t\t\t\t\t\t\t\t\t\t<a class=\"elementor-accordion-title\" tabindex=\"0\">Vicios ocultos<\/a>\n\t\t\t\t\t<\/div>\n\t\t\t\t\t<div id=\"elementor-tab-content-1368\" class=\"elementor-tab-content elementor-clearfix\" data-tab=\"8\" role=\"region\" aria-labelledby=\"elementor-tab-title-1368\">Reclamaciones por vicios ocultos en una compraventa, refiri\u00e9ndonos principalmente a aquellas deficiencias, fallos o defectos de los que el comprador no fue informado y que, al poco tiempo, aparecen. Las reclamaciones m\u00e1s frecuentes est\u00e1n relacionadas con la compraventa de viviendas o de veh\u00edculos.<\/div>\n\t\t\t\t<\/div>\n\t\t\t\t\t\t\t\t<\/div>\n\t\t\t\t\t\t<\/div>\n\t\t\t\t<\/div>\n\t\t\t\t\t<\/div>\n\t\t<\/div>\n\t\t\t\t\t<\/div>\n\t\t<\/section>\n\t\t\t\t<\/div>\n\t\t","protected":false},"excerpt":{"rendered":"<p>Derecho Civil Ponemos a su disposici\u00f3n los mejores profesionales especializados en el asesoramiento, asistencia y defensa en toda clase de contratos y juicios civiles: reclamaciones ante tribunales, presentaci\u00f3n y \/ o contestaci\u00f3n de demandas, ejecuci\u00f3n de documentos p\u00fablicos, reclamaci\u00f3n de deudas, etc; atendiendo siempre a sus intereses. Desahucios R\u00e1pida actuaci\u00f3n ante el impago de rentas [&hellip;]<\/p>\n","protected":false},"author":1,"featured_media":2124,"parent":0,"menu_order":0,"comment_status":"closed","ping_status":"closed","template":"","meta":{"_joinchat":[],"footnotes":""},"class_list":["post-138","page","type-page","status-publish","has-post-thumbnail","hentry"],"yoast_head":"<!-- This site is optimized with the Yoast SEO plugin v27.4 - https:\/\/yoast.com\/product\/yoast-seo-wordpress\/ -->\n<title>Abogados en Derecho Civil Marbella | Accidentes de tr\u00e1fico<\/title>\n<meta name=\"description\" content=\"Abogados en Marbella especializados de Derecho Civil para el asesoramiento y defensa de sus clientes. Expertos en accidentes de tr\u00e1fico.\" \/>\n<meta name=\"robots\" content=\"index, follow, max-snippet:-1, max-image-preview:large, max-video-preview:-1\" \/>\n<link rel=\"canonical\" href=\"https:\/\/lex4.es\/es\/derecho-civil\" \/>\n<meta property=\"og:locale\" content=\"es_ES\" \/>\n<meta property=\"og:type\" content=\"article\" \/>\n<meta property=\"og:title\" content=\"Abogados en Derecho Civil Marbella | Accidentes de tr\u00e1fico\" \/>\n<meta property=\"og:description\" content=\"Abogados en Marbella especializados de Derecho Civil para el asesoramiento y defensa de sus clientes. Expertos en accidentes de tr\u00e1fico.\" \/>\n<meta property=\"og:url\" content=\"https:\/\/lex4.es\/es\/derecho-civil\" \/>\n<meta property=\"og:site_name\" content=\"Lex4\" \/>\n<meta property=\"article:modified_time\" content=\"2022-09-19T14:21:57+00:00\" \/>\n<meta property=\"og:image\" content=\"https:\/\/lex4.es\/wp-content\/uploads\/2022\/08\/lex4-instagram.jpg\" \/>\n\t<meta property=\"og:image:width\" content=\"720\" \/>\n\t<meta property=\"og:image:height\" content=\"720\" \/>\n\t<meta property=\"og:image:type\" content=\"image\/jpeg\" \/>\n<meta name=\"twitter:card\" content=\"summary_large_image\" \/>\n<meta name=\"twitter:label1\" content=\"Tiempo de lectura\" \/>\n\t<meta name=\"twitter:data1\" content=\"2 minutos\" \/>\n<script type=\"application\/ld+json\" class=\"yoast-schema-graph\">{\"@context\":\"https:\\\/\\\/schema.org\",\"@graph\":[{\"@type\":\"WebPage\",\"@id\":\"https:\\\/\\\/lex4.es\\\/es\\\/derecho-civil\",\"url\":\"https:\\\/\\\/lex4.es\\\/es\\\/derecho-civil\",\"name\":\"Abogados en Derecho Civil Marbella | Accidentes de tr\u00e1fico\",\"isPartOf\":{\"@id\":\"https:\\\/\\\/lex4.es\\\/es#website\"},\"primaryImageOfPage\":{\"@id\":\"https:\\\/\\\/lex4.es\\\/es\\\/derecho-civil#primaryimage\"},\"image\":{\"@id\":\"https:\\\/\\\/lex4.es\\\/es\\\/derecho-civil#primaryimage\"},\"thumbnailUrl\":\"https:\\\/\\\/lex4.es\\\/wp-content\\\/uploads\\\/2022\\\/08\\\/lex4-instagram.jpg\",\"datePublished\":\"2022-03-08T17:18:27+00:00\",\"dateModified\":\"2022-09-19T14:21:57+00:00\",\"description\":\"Abogados en Marbella especializados de Derecho Civil para el asesoramiento y defensa de sus clientes. Expertos en accidentes de tr\u00e1fico.\",\"breadcrumb\":{\"@id\":\"https:\\\/\\\/lex4.es\\\/es\\\/derecho-civil#breadcrumb\"},\"inLanguage\":\"es\",\"potentialAction\":[{\"@type\":\"ReadAction\",\"target\":[\"https:\\\/\\\/lex4.es\\\/es\\\/derecho-civil\"]}]},{\"@type\":\"ImageObject\",\"inLanguage\":\"es\",\"@id\":\"https:\\\/\\\/lex4.es\\\/es\\\/derecho-civil#primaryimage\",\"url\":\"https:\\\/\\\/lex4.es\\\/wp-content\\\/uploads\\\/2022\\\/08\\\/lex4-instagram.jpg\",\"contentUrl\":\"https:\\\/\\\/lex4.es\\\/wp-content\\\/uploads\\\/2022\\\/08\\\/lex4-instagram.jpg\",\"width\":720,\"height\":720,\"caption\":\"Despacho de abogados en la Costa del Sol que ofrece servicios legales y fiscales\"},{\"@type\":\"BreadcrumbList\",\"@id\":\"https:\\\/\\\/lex4.es\\\/es\\\/derecho-civil#breadcrumb\",\"itemListElement\":[{\"@type\":\"ListItem\",\"position\":1,\"name\":\"Portada\",\"item\":\"https:\\\/\\\/lex4.es\\\/es\"},{\"@type\":\"ListItem\",\"position\":2,\"name\":\"Derecho Civil\"}]},{\"@type\":\"WebSite\",\"@id\":\"https:\\\/\\\/lex4.es\\\/es#website\",\"url\":\"https:\\\/\\\/lex4.es\\\/es\",\"name\":\"Lex4\",\"description\":\"Solicitors Marbella\",\"publisher\":{\"@id\":\"https:\\\/\\\/lex4.es\\\/es#organization\"},\"potentialAction\":[{\"@type\":\"SearchAction\",\"target\":{\"@type\":\"EntryPoint\",\"urlTemplate\":\"https:\\\/\\\/lex4.es\\\/es?s={search_term_string}\"},\"query-input\":{\"@type\":\"PropertyValueSpecification\",\"valueRequired\":true,\"valueName\":\"search_term_string\"}}],\"inLanguage\":\"es\"},{\"@type\":\"Organization\",\"@id\":\"https:\\\/\\\/lex4.es\\\/es#organization\",\"name\":\"lex4\",\"url\":\"https:\\\/\\\/lex4.es\\\/es\",\"logo\":{\"@type\":\"ImageObject\",\"inLanguage\":\"es\",\"@id\":\"https:\\\/\\\/lex4.es\\\/es#\\\/schema\\\/logo\\\/image\\\/\",\"url\":\"https:\\\/\\\/lex4.es\\\/wp-content\\\/uploads\\\/2022\\\/01\\\/lex4-logo-web-verde.png\",\"contentUrl\":\"https:\\\/\\\/lex4.es\\\/wp-content\\\/uploads\\\/2022\\\/01\\\/lex4-logo-web-verde.png\",\"width\":350,\"height\":100,\"caption\":\"lex4\"},\"image\":{\"@id\":\"https:\\\/\\\/lex4.es\\\/es#\\\/schema\\\/logo\\\/image\\\/\"}}]}<\/script>\n<!-- \/ Yoast SEO plugin. -->","yoast_head_json":{"title":"Abogados en Derecho Civil Marbella | Accidentes de tr\u00e1fico","description":"Abogados en Marbella especializados de Derecho Civil para el asesoramiento y defensa de sus clientes. Expertos en accidentes de tr\u00e1fico.","robots":{"index":"index","follow":"follow","max-snippet":"max-snippet:-1","max-image-preview":"max-image-preview:large","max-video-preview":"max-video-preview:-1"},"canonical":"https:\/\/lex4.es\/es\/derecho-civil","og_locale":"es_ES","og_type":"article","og_title":"Abogados en Derecho Civil Marbella | Accidentes de tr\u00e1fico","og_description":"Abogados en Marbella especializados de Derecho Civil para el asesoramiento y defensa de sus clientes. Expertos en accidentes de tr\u00e1fico.","og_url":"https:\/\/lex4.es\/es\/derecho-civil","og_site_name":"Lex4","article_modified_time":"2022-09-19T14:21:57+00:00","og_image":[{"width":720,"height":720,"url":"https:\/\/lex4.es\/wp-content\/uploads\/2022\/08\/lex4-instagram.jpg","type":"image\/jpeg"}],"twitter_card":"summary_large_image","twitter_misc":{"Tiempo de lectura":"2 minutos"},"schema":{"@context":"https:\/\/schema.org","@graph":[{"@type":"WebPage","@id":"https:\/\/lex4.es\/es\/derecho-civil","url":"https:\/\/lex4.es\/es\/derecho-civil","name":"Abogados en Derecho Civil Marbella | Accidentes de tr\u00e1fico","isPartOf":{"@id":"https:\/\/lex4.es\/es#website"},"primaryImageOfPage":{"@id":"https:\/\/lex4.es\/es\/derecho-civil#primaryimage"},"image":{"@id":"https:\/\/lex4.es\/es\/derecho-civil#primaryimage"},"thumbnailUrl":"https:\/\/lex4.es\/wp-content\/uploads\/2022\/08\/lex4-instagram.jpg","datePublished":"2022-03-08T17:18:27+00:00","dateModified":"2022-09-19T14:21:57+00:00","description":"Abogados en Marbella especializados de Derecho Civil para el asesoramiento y defensa de sus clientes. Expertos en accidentes de tr\u00e1fico.","breadcrumb":{"@id":"https:\/\/lex4.es\/es\/derecho-civil#breadcrumb"},"inLanguage":"es","potentialAction":[{"@type":"ReadAction","target":["https:\/\/lex4.es\/es\/derecho-civil"]}]},{"@type":"ImageObject","inLanguage":"es","@id":"https:\/\/lex4.es\/es\/derecho-civil#primaryimage","url":"https:\/\/lex4.es\/wp-content\/uploads\/2022\/08\/lex4-instagram.jpg","contentUrl":"https:\/\/lex4.es\/wp-content\/uploads\/2022\/08\/lex4-instagram.jpg","width":720,"height":720,"caption":"Despacho de abogados en la Costa del Sol que ofrece servicios legales y fiscales"},{"@type":"BreadcrumbList","@id":"https:\/\/lex4.es\/es\/derecho-civil#breadcrumb","itemListElement":[{"@type":"ListItem","position":1,"name":"Portada","item":"https:\/\/lex4.es\/es"},{"@type":"ListItem","position":2,"name":"Derecho Civil"}]},{"@type":"WebSite","@id":"https:\/\/lex4.es\/es#website","url":"https:\/\/lex4.es\/es","name":"Lex4","description":"Solicitors Marbella","publisher":{"@id":"https:\/\/lex4.es\/es#organization"},"potentialAction":[{"@type":"SearchAction","target":{"@type":"EntryPoint","urlTemplate":"https:\/\/lex4.es\/es?s={search_term_string}"},"query-input":{"@type":"PropertyValueSpecification","valueRequired":true,"valueName":"search_term_string"}}],"inLanguage":"es"},{"@type":"Organization","@id":"https:\/\/lex4.es\/es#organization","name":"lex4","url":"https:\/\/lex4.es\/es","logo":{"@type":"ImageObject","inLanguage":"es","@id":"https:\/\/lex4.es\/es#\/schema\/logo\/image\/","url":"https:\/\/lex4.es\/wp-content\/uploads\/2022\/01\/lex4-logo-web-verde.png","contentUrl":"https:\/\/lex4.es\/wp-content\/uploads\/2022\/01\/lex4-logo-web-verde.png","width":350,"height":100,"caption":"lex4"},"image":{"@id":"https:\/\/lex4.es\/es#\/schema\/logo\/image\/"}}]}},"_links":{"self":[{"href":"https:\/\/lex4.es\/es\/wp-json\/wp\/v2\/pages\/138","targetHints":{"allow":["GET"]}}],"collection":[{"href":"https:\/\/lex4.es\/es\/wp-json\/wp\/v2\/pages"}],"about":[{"href":"https:\/\/lex4.es\/es\/wp-json\/wp\/v2\/types\/page"}],"author":[{"embeddable":true,"href":"https:\/\/lex4.es\/es\/wp-json\/wp\/v2\/users\/1"}],"replies":[{"embeddable":true,"href":"https:\/\/lex4.es\/es\/wp-json\/wp\/v2\/comments?post=138"}],"version-history":[{"count":33,"href":"https:\/\/lex4.es\/es\/wp-json\/wp\/v2\/pages\/138\/revisions"}],"predecessor-version":[{"id":2568,"href":"https:\/\/lex4.es\/es\/wp-json\/wp\/v2\/pages\/138\/revisions\/2568"}],"wp:featuredmedia":[{"embeddable":true,"href":"https:\/\/lex4.es\/es\/wp-json\/wp\/v2\/media\/2124"}],"wp:attachment":[{"href":"https:\/\/lex4.es\/es\/wp-json\/wp\/v2\/media?parent=138"}],"curies":[{"name":"wp","href":"https:\/\/api.w.org\/{rel}","templated":true}]}}