{"id":140,"date":"2022-03-08T17:18:41","date_gmt":"2022-03-08T17:18:41","guid":{"rendered":"https:\/\/lex4.es\/?page_id=140"},"modified":"2022-06-17T16:41:44","modified_gmt":"2022-06-17T16:41:44","slug":"derecho-penal","status":"publish","type":"page","link":"https:\/\/lex4.es\/es\/derecho-penal","title":{"rendered":"Derecho Penal"},"content":{"rendered":"\t\t<div data-elementor-type=\"wp-page\" data-elementor-id=\"140\" class=\"elementor elementor-140\" data-elementor-post-type=\"page\">\n\t\t\t\t\t\t<section class=\"elementor-section elementor-top-section elementor-element elementor-element-da78665 elementor-section-full_width elementor-section-height-default elementor-section-height-default\" data-id=\"da78665\" data-element_type=\"section\" data-e-type=\"section\" data-settings=\"{&quot;background_background&quot;:&quot;classic&quot;}\">\n\t\t\t\t\t\t\t<div class=\"elementor-background-overlay\"><\/div>\n\t\t\t\t\t\t\t<div class=\"elementor-container elementor-column-gap-default\">\n\t\t\t\t\t<div class=\"elementor-column elementor-col-100 elementor-top-column elementor-element elementor-element-3a1fa408\" data-id=\"3a1fa408\" data-element_type=\"column\" data-e-type=\"column\">\n\t\t\t<div class=\"elementor-widget-wrap elementor-element-populated\">\n\t\t\t\t\t\t<div class=\"elementor-element elementor-element-3ad005d3 elementor-widget elementor-widget-heading\" data-id=\"3ad005d3\" data-element_type=\"widget\" data-e-type=\"widget\" data-widget_type=\"heading.default\">\n\t\t\t\t<div class=\"elementor-widget-container\">\n\t\t\t\t\t<h2 class=\"elementor-heading-title elementor-size-default\">Derecho Penal<\/h2>\t\t\t\t<\/div>\n\t\t\t\t<\/div>\n\t\t\t\t\t<\/div>\n\t\t<\/div>\n\t\t\t\t\t<\/div>\n\t\t<\/section>\n\t\t\t\t<section class=\"elementor-section elementor-top-section elementor-element elementor-element-7b1f6879 elementor-section-boxed elementor-section-height-default elementor-section-height-default\" data-id=\"7b1f6879\" data-element_type=\"section\" data-e-type=\"section\">\n\t\t\t\t\t\t<div class=\"elementor-container elementor-column-gap-default\">\n\t\t\t\t\t<div class=\"elementor-column elementor-col-50 elementor-top-column elementor-element elementor-element-231b4b0a\" data-id=\"231b4b0a\" data-element_type=\"column\" data-e-type=\"column\">\n\t\t\t<div class=\"elementor-widget-wrap elementor-element-populated\">\n\t\t\t\t\t\t<div class=\"elementor-element elementor-element-2fc34113 elementor-widget elementor-widget-text-editor\" data-id=\"2fc34113\" data-element_type=\"widget\" data-e-type=\"widget\" data-widget_type=\"text-editor.default\">\n\t\t\t\t<div class=\"elementor-widget-container\">\n\t\t\t\t\t\t\t\t\t<p>En <strong>lex4<\/strong> ofrecemos el servicio de defensa y asistencia en juicio para cualquier implicado o perjudicado en el \u00e1mbito penal, proporcionando a nuestros clientes unos resultados eficaces y generando una relaci\u00f3n de confianza entre cliente y abogado.<\/p>\t\t\t\t\t\t\t\t<\/div>\n\t\t\t\t<\/div>\n\t\t\t\t\t<\/div>\n\t\t<\/div>\n\t\t\t\t<div class=\"elementor-column elementor-col-50 elementor-top-column elementor-element elementor-element-563ce8d0\" data-id=\"563ce8d0\" data-element_type=\"column\" data-e-type=\"column\">\n\t\t\t<div class=\"elementor-widget-wrap elementor-element-populated\">\n\t\t\t\t\t\t<div class=\"elementor-element elementor-element-4737ccd elementor-align-start elementor-icon-list--layout-traditional elementor-list-item-link-full_width elementor-widget elementor-widget-icon-list\" data-id=\"4737ccd\" data-element_type=\"widget\" data-e-type=\"widget\" data-widget_type=\"icon-list.default\">\n\t\t\t\t<div class=\"elementor-widget-container\">\n\t\t\t\t\t\t\t<ul class=\"elementor-icon-list-items\">\n\t\t\t\t\t\t\t<li class=\"elementor-icon-list-item\">\n\t\t\t\t\t\t\t\t\t\t\t<span class=\"elementor-icon-list-icon\">\n\t\t\t\t\t\t\t<i aria-hidden=\"true\" class=\"fas fa-check\"><\/i>\t\t\t\t\t\t<\/span>\n\t\t\t\t\t\t\t\t\t\t<span class=\"elementor-icon-list-text\">Delitos contra la salud p\u00fablica.<\/span>\n\t\t\t\t\t\t\t\t\t<\/li>\n\t\t\t\t\t\t\t\t<li class=\"elementor-icon-list-item\">\n\t\t\t\t\t\t\t\t\t\t\t<span class=\"elementor-icon-list-icon\">\n\t\t\t\t\t\t\t<i aria-hidden=\"true\" class=\"fas fa-check\"><\/i>\t\t\t\t\t\t<\/span>\n\t\t\t\t\t\t\t\t\t\t<span class=\"elementor-icon-list-text\">Delitos de blanqueo de capitales.<\/span>\n\t\t\t\t\t\t\t\t\t<\/li>\n\t\t\t\t\t\t\t\t<li class=\"elementor-icon-list-item\">\n\t\t\t\t\t\t\t\t\t\t\t<span class=\"elementor-icon-list-icon\">\n\t\t\t\t\t\t\t<i aria-hidden=\"true\" class=\"fas fa-check\"><\/i>\t\t\t\t\t\t<\/span>\n\t\t\t\t\t\t\t\t\t\t<span class=\"elementor-icon-list-text\">Delitos contra la seguridad del tr\u00e1fico.<\/span>\n\t\t\t\t\t\t\t\t\t<\/li>\n\t\t\t\t\t\t\t\t<li class=\"elementor-icon-list-item\">\n\t\t\t\t\t\t\t\t\t\t\t<span class=\"elementor-icon-list-icon\">\n\t\t\t\t\t\t\t<i aria-hidden=\"true\" class=\"fas fa-check\"><\/i>\t\t\t\t\t\t<\/span>\n\t\t\t\t\t\t\t\t\t\t<span class=\"elementor-icon-list-text\">Delitos societarios.<\/span>\n\t\t\t\t\t\t\t\t\t<\/li>\n\t\t\t\t\t\t\t\t<li class=\"elementor-icon-list-item\">\n\t\t\t\t\t\t\t\t\t\t\t<span class=\"elementor-icon-list-icon\">\n\t\t\t\t\t\t\t<i aria-hidden=\"true\" class=\"fas fa-check\"><\/i>\t\t\t\t\t\t<\/span>\n\t\t\t\t\t\t\t\t\t\t<span class=\"elementor-icon-list-text\">Delitos contra el Patrimonio (robos, estafas y apropiaci\u00f3n indebida).<\/span>\n\t\t\t\t\t\t\t\t\t<\/li>\n\t\t\t\t\t\t\t\t<li class=\"elementor-icon-list-item\">\n\t\t\t\t\t\t\t\t\t\t\t<span class=\"elementor-icon-list-icon\">\n\t\t\t\t\t\t\t<i aria-hidden=\"true\" class=\"fas fa-check\"><\/i>\t\t\t\t\t\t<\/span>\n\t\t\t\t\t\t\t\t\t\t<span class=\"elementor-icon-list-text\">Delitos contra las personas.<\/span>\n\t\t\t\t\t\t\t\t\t<\/li>\n\t\t\t\t\t\t<\/ul>\n\t\t\t\t\t\t<\/div>\n\t\t\t\t<\/div>\n\t\t\t\t\t<\/div>\n\t\t<\/div>\n\t\t\t\t\t<\/div>\n\t\t<\/section>\n\t\t\t\t<\/div>\n\t\t","protected":false},"excerpt":{"rendered":"<p>Derecho Penal En lex4 ofrecemos el servicio de defensa y asistencia en juicio para cualquier implicado o perjudicado en el \u00e1mbito penal, proporcionando a nuestros clientes unos resultados eficaces y generando una relaci\u00f3n de confianza entre cliente y abogado. Delitos contra la salud p\u00fablica. Delitos de blanqueo de capitales. Delitos contra la seguridad del tr\u00e1fico. [&hellip;]<\/p>\n","protected":false},"author":1,"featured_media":0,"parent":0,"menu_order":0,"comment_status":"closed","ping_status":"closed","template":"","meta":{"_joinchat":[],"footnotes":""},"class_list":["post-140","page","type-page","status-publish","hentry"],"yoast_head":"<!-- This site is optimized with the Yoast SEO plugin v27.4 - https:\/\/yoast.com\/product\/yoast-seo-wordpress\/ -->\n<title>Derecho Penal - Lex4<\/title>\n<meta name=\"description\" content=\"En lex4 ofrecemos el servicio de defensa y asistencia en juicio para cualquier implicado o perjudicado en el \u00e1mbito del derecho penal.\" \/>\n<meta name=\"robots\" content=\"index, follow, max-snippet:-1, max-image-preview:large, max-video-preview:-1\" \/>\n<link rel=\"canonical\" href=\"https:\/\/lex4.es\/es\/derecho-penal\" \/>\n<meta property=\"og:locale\" content=\"es_ES\" \/>\n<meta property=\"og:type\" content=\"article\" \/>\n<meta property=\"og:title\" content=\"Derecho Penal - Lex4\" \/>\n<meta property=\"og:description\" content=\"En lex4 ofrecemos el servicio de defensa y asistencia en juicio para cualquier implicado o perjudicado en el \u00e1mbito del derecho penal.\" \/>\n<meta property=\"og:url\" content=\"https:\/\/lex4.es\/es\/derecho-penal\" \/>\n<meta property=\"og:site_name\" content=\"Lex4\" \/>\n<meta property=\"article:modified_time\" content=\"2022-06-17T16:41:44+00:00\" \/>\n<meta name=\"twitter:card\" content=\"summary_large_image\" \/>\n<meta name=\"twitter:label1\" content=\"Tiempo de lectura\" \/>\n\t<meta name=\"twitter:data1\" content=\"1 minuto\" \/>\n<script type=\"application\/ld+json\" class=\"yoast-schema-graph\">{\"@context\":\"https:\\\/\\\/schema.org\",\"@graph\":[{\"@type\":\"WebPage\",\"@id\":\"https:\\\/\\\/lex4.es\\\/es\\\/derecho-penal\",\"url\":\"https:\\\/\\\/lex4.es\\\/es\\\/derecho-penal\",\"name\":\"Derecho Penal - Lex4\",\"isPartOf\":{\"@id\":\"https:\\\/\\\/lex4.es\\\/es#website\"},\"datePublished\":\"2022-03-08T17:18:41+00:00\",\"dateModified\":\"2022-06-17T16:41:44+00:00\",\"description\":\"En lex4 ofrecemos el servicio de defensa y asistencia en juicio para cualquier implicado o perjudicado en el \u00e1mbito del derecho penal.\",\"breadcrumb\":{\"@id\":\"https:\\\/\\\/lex4.es\\\/es\\\/derecho-penal#breadcrumb\"},\"inLanguage\":\"es\",\"potentialAction\":[{\"@type\":\"ReadAction\",\"target\":[\"https:\\\/\\\/lex4.es\\\/es\\\/derecho-penal\"]}]},{\"@type\":\"BreadcrumbList\",\"@id\":\"https:\\\/\\\/lex4.es\\\/es\\\/derecho-penal#breadcrumb\",\"itemListElement\":[{\"@type\":\"ListItem\",\"position\":1,\"name\":\"Portada\",\"item\":\"https:\\\/\\\/lex4.es\\\/es\"},{\"@type\":\"ListItem\",\"position\":2,\"name\":\"Derecho Penal\"}]},{\"@type\":\"WebSite\",\"@id\":\"https:\\\/\\\/lex4.es\\\/es#website\",\"url\":\"https:\\\/\\\/lex4.es\\\/es\",\"name\":\"Lex4\",\"description\":\"Solicitors Marbella\",\"publisher\":{\"@id\":\"https:\\\/\\\/lex4.es\\\/es#organization\"},\"potentialAction\":[{\"@type\":\"SearchAction\",\"target\":{\"@type\":\"EntryPoint\",\"urlTemplate\":\"https:\\\/\\\/lex4.es\\\/es?s={search_term_string}\"},\"query-input\":{\"@type\":\"PropertyValueSpecification\",\"valueRequired\":true,\"valueName\":\"search_term_string\"}}],\"inLanguage\":\"es\"},{\"@type\":\"Organization\",\"@id\":\"https:\\\/\\\/lex4.es\\\/es#organization\",\"name\":\"lex4\",\"url\":\"https:\\\/\\\/lex4.es\\\/es\",\"logo\":{\"@type\":\"ImageObject\",\"inLanguage\":\"es\",\"@id\":\"https:\\\/\\\/lex4.es\\\/es#\\\/schema\\\/logo\\\/image\\\/\",\"url\":\"https:\\\/\\\/lex4.es\\\/wp-content\\\/uploads\\\/2022\\\/01\\\/lex4-logo-web-verde.png\",\"contentUrl\":\"https:\\\/\\\/lex4.es\\\/wp-content\\\/uploads\\\/2022\\\/01\\\/lex4-logo-web-verde.png\",\"width\":350,\"height\":100,\"caption\":\"lex4\"},\"image\":{\"@id\":\"https:\\\/\\\/lex4.es\\\/es#\\\/schema\\\/logo\\\/image\\\/\"}}]}<\/script>\n<!-- \/ Yoast SEO plugin. -->","yoast_head_json":{"title":"Derecho Penal - Lex4","description":"En lex4 ofrecemos el servicio de defensa y asistencia en juicio para cualquier implicado o perjudicado en el \u00e1mbito del derecho penal.","robots":{"index":"index","follow":"follow","max-snippet":"max-snippet:-1","max-image-preview":"max-image-preview:large","max-video-preview":"max-video-preview:-1"},"canonical":"https:\/\/lex4.es\/es\/derecho-penal","og_locale":"es_ES","og_type":"article","og_title":"Derecho Penal - Lex4","og_description":"En lex4 ofrecemos el servicio de defensa y asistencia en juicio para cualquier implicado o perjudicado en el \u00e1mbito del derecho penal.","og_url":"https:\/\/lex4.es\/es\/derecho-penal","og_site_name":"Lex4","article_modified_time":"2022-06-17T16:41:44+00:00","twitter_card":"summary_large_image","twitter_misc":{"Tiempo de lectura":"1 minuto"},"schema":{"@context":"https:\/\/schema.org","@graph":[{"@type":"WebPage","@id":"https:\/\/lex4.es\/es\/derecho-penal","url":"https:\/\/lex4.es\/es\/derecho-penal","name":"Derecho Penal - Lex4","isPartOf":{"@id":"https:\/\/lex4.es\/es#website"},"datePublished":"2022-03-08T17:18:41+00:00","dateModified":"2022-06-17T16:41:44+00:00","description":"En lex4 ofrecemos el servicio de defensa y asistencia en juicio para cualquier implicado o perjudicado en el \u00e1mbito del derecho penal.","breadcrumb":{"@id":"https:\/\/lex4.es\/es\/derecho-penal#breadcrumb"},"inLanguage":"es","potentialAction":[{"@type":"ReadAction","target":["https:\/\/lex4.es\/es\/derecho-penal"]}]},{"@type":"BreadcrumbList","@id":"https:\/\/lex4.es\/es\/derecho-penal#breadcrumb","itemListElement":[{"@type":"ListItem","position":1,"name":"Portada","item":"https:\/\/lex4.es\/es"},{"@type":"ListItem","position":2,"name":"Derecho Penal"}]},{"@type":"WebSite","@id":"https:\/\/lex4.es\/es#website","url":"https:\/\/lex4.es\/es","name":"Lex4","description":"Solicitors Marbella","publisher":{"@id":"https:\/\/lex4.es\/es#organization"},"potentialAction":[{"@type":"SearchAction","target":{"@type":"EntryPoint","urlTemplate":"https:\/\/lex4.es\/es?s={search_term_string}"},"query-input":{"@type":"PropertyValueSpecification","valueRequired":true,"valueName":"search_term_string"}}],"inLanguage":"es"},{"@type":"Organization","@id":"https:\/\/lex4.es\/es#organization","name":"lex4","url":"https:\/\/lex4.es\/es","logo":{"@type":"ImageObject","inLanguage":"es","@id":"https:\/\/lex4.es\/es#\/schema\/logo\/image\/","url":"https:\/\/lex4.es\/wp-content\/uploads\/2022\/01\/lex4-logo-web-verde.png","contentUrl":"https:\/\/lex4.es\/wp-content\/uploads\/2022\/01\/lex4-logo-web-verde.png","width":350,"height":100,"caption":"lex4"},"image":{"@id":"https:\/\/lex4.es\/es#\/schema\/logo\/image\/"}}]}},"_links":{"self":[{"href":"https:\/\/lex4.es\/es\/wp-json\/wp\/v2\/pages\/140","targetHints":{"allow":["GET"]}}],"collection":[{"href":"https:\/\/lex4.es\/es\/wp-json\/wp\/v2\/pages"}],"about":[{"href":"https:\/\/lex4.es\/es\/wp-json\/wp\/v2\/types\/page"}],"author":[{"embeddable":true,"href":"https:\/\/lex4.es\/es\/wp-json\/wp\/v2\/users\/1"}],"replies":[{"embeddable":true,"href":"https:\/\/lex4.es\/es\/wp-json\/wp\/v2\/comments?post=140"}],"version-history":[{"count":39,"href":"https:\/\/lex4.es\/es\/wp-json\/wp\/v2\/pages\/140\/revisions"}],"predecessor-version":[{"id":1987,"href":"https:\/\/lex4.es\/es\/wp-json\/wp\/v2\/pages\/140\/revisions\/1987"}],"wp:attachment":[{"href":"https:\/\/lex4.es\/es\/wp-json\/wp\/v2\/media?parent=140"}],"curies":[{"name":"wp","href":"https:\/\/api.w.org\/{rel}","templated":true}]}}