{"id":539,"date":"2022-03-12T10:23:34","date_gmt":"2022-03-12T10:23:34","guid":{"rendered":"https:\/\/lex4.es\/?page_id=539"},"modified":"2022-06-20T08:40:23","modified_gmt":"2022-06-20T08:40:23","slug":"politica-de-privacidad","status":"publish","type":"page","link":"https:\/\/lex4.es\/es\/politica-de-privacidad","title":{"rendered":"Pol\u00edtica de Privacidad"},"content":{"rendered":"\t\t<div data-elementor-type=\"wp-page\" data-elementor-id=\"539\" class=\"elementor elementor-539\" data-elementor-post-type=\"page\">\n\t\t\t\t\t\t<section class=\"elementor-section elementor-top-section elementor-element elementor-element-c6b028e elementor-section-boxed elementor-section-height-default elementor-section-height-default\" data-id=\"c6b028e\" data-element_type=\"section\" data-e-type=\"section\">\n\t\t\t\t\t\t<div class=\"elementor-container elementor-column-gap-default\">\n\t\t\t\t\t<div class=\"elementor-column elementor-col-100 elementor-top-column elementor-element elementor-element-321ea0b\" data-id=\"321ea0b\" data-element_type=\"column\" data-e-type=\"column\">\n\t\t\t<div class=\"elementor-widget-wrap elementor-element-populated\">\n\t\t\t\t\t\t<div class=\"elementor-element elementor-element-d961e0b elementor-widget elementor-widget-heading\" data-id=\"d961e0b\" data-element_type=\"widget\" data-e-type=\"widget\" data-widget_type=\"heading.default\">\n\t\t\t\t<div class=\"elementor-widget-container\">\n\t\t\t\t\t<h2 class=\"elementor-heading-title elementor-size-default\">Pol\u00edtica de Privacidad<\/h2>\t\t\t\t<\/div>\n\t\t\t\t<\/div>\n\t\t\t\t<div class=\"elementor-element elementor-element-c586dc7 elementor-widget elementor-widget-heading\" data-id=\"c586dc7\" data-element_type=\"widget\" data-e-type=\"widget\" data-widget_type=\"heading.default\">\n\t\t\t\t<div class=\"elementor-widget-container\">\n\t\t\t\t\t<h3 class=\"elementor-heading-title elementor-size-default\">Identidad del responsable del tratamiento<\/h3>\t\t\t\t<\/div>\n\t\t\t\t<\/div>\n\t\t\t\t<div class=\"elementor-element elementor-element-1705083 elementor-widget elementor-widget-text-editor\" data-id=\"1705083\" data-element_type=\"widget\" data-e-type=\"widget\" data-widget_type=\"text-editor.default\">\n\t\t\t\t<div class=\"elementor-widget-container\">\n\t\t\t\t\t\t\t\t\t<p>lex4 | Lex4 Associates SLP con NIF B09968231, en adelante el RESPTTO, con domicilio en Av. Cervantes Urbanizaci\u00f3n Playas del Arenal Portal 4, Planta 2, 53.29604 Marbella (M\u00e1laga), y correo electr\u00f3nico <a href=\"mailto:legal@lex4.es\">legal@lex4.es<\/a>, es el Titular de esta Web y Responsable del Tratamiento de Datos Personales del Usuario y le informa que la informaci\u00f3n facilitada ser\u00e1 tratada de conformidad con lo dispuesto por el Reglamento UE de Protecci\u00f3n de Datos 679\/2016 y la Ley Org\u00e1nica 3\/2018 de Protecci\u00f3n de Datos Personales y garant\u00eda de los derechos digitales), inform\u00e1ndole que:<\/p>\t\t\t\t\t\t\t\t<\/div>\n\t\t\t\t<\/div>\n\t\t\t\t<div class=\"elementor-element elementor-element-6096ba8 elementor-widget elementor-widget-heading\" data-id=\"6096ba8\" data-element_type=\"widget\" data-e-type=\"widget\" data-widget_type=\"heading.default\">\n\t\t\t\t<div class=\"elementor-widget-container\">\n\t\t\t\t\t<h3 class=\"elementor-heading-title elementor-size-default\">Finalidades y legitimaci\u00f3n del tratamiento<\/h3>\t\t\t\t<\/div>\n\t\t\t\t<\/div>\n\t\t\t\t<div class=\"elementor-element elementor-element-c70859f elementor-widget elementor-widget-text-editor\" data-id=\"c70859f\" data-element_type=\"widget\" data-e-type=\"widget\" data-widget_type=\"text-editor.default\">\n\t\t\t\t<div class=\"elementor-widget-container\">\n\t\t\t\t\t\t\t\t\t<ul><li>Ofrecerle una mejor experiencia de Usuario a trav\u00e9s de mejoras que implantamos en la interfaz y operativa web.<\/li><li>Enviarle comunicaciones informativas y\/o promocionales si Vd. facilitar sus datos de contacto y consentimiento.<\/li><li>Legitimaci\u00f3n: consentimiento del interesado conforme a lo establecido en el art\u00edculo 6.1-A del RGPD 2016\/679.<\/li><\/ul>\t\t\t\t\t\t\t\t<\/div>\n\t\t\t\t<\/div>\n\t\t\t\t<div class=\"elementor-element elementor-element-ce6b8dc elementor-widget elementor-widget-heading\" data-id=\"ce6b8dc\" data-element_type=\"widget\" data-e-type=\"widget\" data-widget_type=\"heading.default\">\n\t\t\t\t<div class=\"elementor-widget-container\">\n\t\t\t\t\t<h3 class=\"elementor-heading-title elementor-size-default\">Comunicaci\u00f3n de los datos a terceros<\/h3>\t\t\t\t<\/div>\n\t\t\t\t<\/div>\n\t\t\t\t<div class=\"elementor-element elementor-element-dd5b18e elementor-widget elementor-widget-text-editor\" data-id=\"dd5b18e\" data-element_type=\"widget\" data-e-type=\"widget\" data-widget_type=\"text-editor.default\">\n\t\t\t\t<div class=\"elementor-widget-container\">\n\t\t\t\t\t\t\t\t\t<p>Los datos proporcionados se conservar\u00e1n hasta que el Usuario solicite la supresi\u00f3n de sus datos. Una vez comunicado por parte del interesado la supresi\u00f3n de sus datos, se proceder\u00e1 a su bloqueo y posterior cancelaci\u00f3n en nuestros ficheros o devoluci\u00f3n al titular de los datos, seg\u00fan el caso, de los soportes en los que se recoja la informaci\u00f3n facilitada, sin que se admite la conservaci\u00f3n de copias de dicha informaci\u00f3n.<\/p>\t\t\t\t\t\t\t\t<\/div>\n\t\t\t\t<\/div>\n\t\t\t\t<div class=\"elementor-element elementor-element-119c411 elementor-widget elementor-widget-heading\" data-id=\"119c411\" data-element_type=\"widget\" data-e-type=\"widget\" data-widget_type=\"heading.default\">\n\t\t\t\t<div class=\"elementor-widget-container\">\n\t\t\t\t\t<h3 class=\"elementor-heading-title elementor-size-default\">Deber de confidencialidad<\/h3>\t\t\t\t<\/div>\n\t\t\t\t<\/div>\n\t\t\t\t<div class=\"elementor-element elementor-element-fa8ca84 elementor-widget elementor-widget-text-editor\" data-id=\"fa8ca84\" data-element_type=\"widget\" data-e-type=\"widget\" data-widget_type=\"text-editor.default\">\n\t\t\t\t<div class=\"elementor-widget-container\">\n\t\t\t\t\t\t\t\t\t<p>El RESPTTO garantiza la confidencialidad de los datos personales que obren en sus ficheros y adoptar\u00e1 las medidas reglamentarias que eviten, en la medida de lo posible, su p\u00e9rdida, tratamiento o acceso no autorizado.<\/p>\t\t\t\t\t\t\t\t<\/div>\n\t\t\t\t<\/div>\n\t\t\t\t<div class=\"elementor-element elementor-element-c9711d6 elementor-widget elementor-widget-heading\" data-id=\"c9711d6\" data-element_type=\"widget\" data-e-type=\"widget\" data-widget_type=\"heading.default\">\n\t\t\t\t<div class=\"elementor-widget-container\">\n\t\t\t\t\t<h3 class=\"elementor-heading-title elementor-size-default\">Ejercicio de derechos<\/h3>\t\t\t\t<\/div>\n\t\t\t\t<\/div>\n\t\t\t\t<div class=\"elementor-element elementor-element-94f7fb7 elementor-widget elementor-widget-text-editor\" data-id=\"94f7fb7\" data-element_type=\"widget\" data-e-type=\"widget\" data-widget_type=\"text-editor.default\">\n\t\t\t\t<div class=\"elementor-widget-container\">\n\t\t\t\t\t\t\t\t\t<p>El Usuario tiene derecho a acceder a sus datos personales, rectificar los datos inexactos o solicitar su supresi\u00f3n cuando los datos ya no sean necesarios. En determinadas ocasiones los interesados podr\u00e1n solicitar la limitaci\u00f3n del tratamiento de sus datos, en cuyo caso \u00fanicamente los conservaremos para el ejercicio o la defensa de reclamaciones. El Usuario puede ejercer sus derechos debiendo dirigir su petici\u00f3n por escrito e identific\u00e1ndose suficientemente a la direcci\u00f3n electr\u00f3nica <a href=\"mailto:legal@lex4.es\">legal@lex4.es<\/a> . Tambi\u00e9n tiene derecho a retirar su consentimiento al tratamiento de sus datos personales en cualquier momento ya presentar la reclamaci\u00f3n que considere oportuna ante la Autoridad de Control.<\/p>\t\t\t\t\t\t\t\t<\/div>\n\t\t\t\t<\/div>\n\t\t\t\t\t<\/div>\n\t\t<\/div>\n\t\t\t\t\t<\/div>\n\t\t<\/section>\n\t\t\t\t<\/div>\n\t\t","protected":false},"excerpt":{"rendered":"<p>Pol\u00edtica de Privacidad Identidad del responsable del tratamiento lex4 | Lex4 Associates SLP con NIF B09968231, en adelante el RESPTTO, con domicilio en Av. Cervantes Urbanizaci\u00f3n Playas del Arenal Portal 4, Planta 2, 53.29604 Marbella (M\u00e1laga), y correo electr\u00f3nico legal@lex4.es, es el Titular de esta Web y Responsable del Tratamiento de Datos Personales del Usuario [&hellip;]<\/p>\n","protected":false},"author":1,"featured_media":0,"parent":0,"menu_order":0,"comment_status":"closed","ping_status":"closed","template":"","meta":{"_joinchat":[],"footnotes":""},"class_list":["post-539","page","type-page","status-publish","hentry"],"yoast_head":"<!-- This site is optimized with the Yoast SEO plugin v27.4 - https:\/\/yoast.com\/product\/yoast-seo-wordpress\/ -->\n<title>Pol\u00edtica de Privacidad - Lex4<\/title>\n<meta name=\"description\" content=\"\u00bfQuieres conocer la pol\u00edtica de privacidad de datos de lex4? Encuentra toda la informaci\u00f3n en nuestra web.\" \/>\n<meta name=\"robots\" content=\"index, follow, max-snippet:-1, max-image-preview:large, max-video-preview:-1\" \/>\n<link rel=\"canonical\" href=\"https:\/\/lex4.es\/es\/politica-de-privacidad\" \/>\n<meta property=\"og:locale\" content=\"es_ES\" \/>\n<meta property=\"og:type\" content=\"article\" \/>\n<meta property=\"og:title\" content=\"Pol\u00edtica de Privacidad - Lex4\" \/>\n<meta property=\"og:description\" content=\"\u00bfQuieres conocer la pol\u00edtica de privacidad de datos de lex4? Encuentra toda la informaci\u00f3n en nuestra web.\" \/>\n<meta property=\"og:url\" content=\"https:\/\/lex4.es\/es\/politica-de-privacidad\" \/>\n<meta property=\"og:site_name\" content=\"Lex4\" \/>\n<meta property=\"article:modified_time\" content=\"2022-06-20T08:40:23+00:00\" \/>\n<meta name=\"twitter:card\" content=\"summary_large_image\" \/>\n<meta name=\"twitter:label1\" content=\"Tiempo de lectura\" \/>\n\t<meta name=\"twitter:data1\" content=\"2 minutos\" \/>\n<script type=\"application\/ld+json\" class=\"yoast-schema-graph\">{\"@context\":\"https:\\\/\\\/schema.org\",\"@graph\":[{\"@type\":\"WebPage\",\"@id\":\"https:\\\/\\\/lex4.es\\\/es\\\/politica-de-privacidad\",\"url\":\"https:\\\/\\\/lex4.es\\\/es\\\/politica-de-privacidad\",\"name\":\"Pol\u00edtica de Privacidad - Lex4\",\"isPartOf\":{\"@id\":\"https:\\\/\\\/lex4.es\\\/es#website\"},\"datePublished\":\"2022-03-12T10:23:34+00:00\",\"dateModified\":\"2022-06-20T08:40:23+00:00\",\"description\":\"\u00bfQuieres conocer la pol\u00edtica de privacidad de datos de lex4? Encuentra toda la informaci\u00f3n en nuestra web.\",\"breadcrumb\":{\"@id\":\"https:\\\/\\\/lex4.es\\\/es\\\/politica-de-privacidad#breadcrumb\"},\"inLanguage\":\"es\",\"potentialAction\":[{\"@type\":\"ReadAction\",\"target\":[\"https:\\\/\\\/lex4.es\\\/es\\\/politica-de-privacidad\"]}]},{\"@type\":\"BreadcrumbList\",\"@id\":\"https:\\\/\\\/lex4.es\\\/es\\\/politica-de-privacidad#breadcrumb\",\"itemListElement\":[{\"@type\":\"ListItem\",\"position\":1,\"name\":\"Portada\",\"item\":\"https:\\\/\\\/lex4.es\\\/es\"},{\"@type\":\"ListItem\",\"position\":2,\"name\":\"Pol\u00edtica de Privacidad\"}]},{\"@type\":\"WebSite\",\"@id\":\"https:\\\/\\\/lex4.es\\\/es#website\",\"url\":\"https:\\\/\\\/lex4.es\\\/es\",\"name\":\"Lex4\",\"description\":\"Solicitors Marbella\",\"publisher\":{\"@id\":\"https:\\\/\\\/lex4.es\\\/es#organization\"},\"potentialAction\":[{\"@type\":\"SearchAction\",\"target\":{\"@type\":\"EntryPoint\",\"urlTemplate\":\"https:\\\/\\\/lex4.es\\\/es?s={search_term_string}\"},\"query-input\":{\"@type\":\"PropertyValueSpecification\",\"valueRequired\":true,\"valueName\":\"search_term_string\"}}],\"inLanguage\":\"es\"},{\"@type\":\"Organization\",\"@id\":\"https:\\\/\\\/lex4.es\\\/es#organization\",\"name\":\"lex4\",\"url\":\"https:\\\/\\\/lex4.es\\\/es\",\"logo\":{\"@type\":\"ImageObject\",\"inLanguage\":\"es\",\"@id\":\"https:\\\/\\\/lex4.es\\\/es#\\\/schema\\\/logo\\\/image\\\/\",\"url\":\"https:\\\/\\\/lex4.es\\\/wp-content\\\/uploads\\\/2022\\\/01\\\/lex4-logo-web-verde.png\",\"contentUrl\":\"https:\\\/\\\/lex4.es\\\/wp-content\\\/uploads\\\/2022\\\/01\\\/lex4-logo-web-verde.png\",\"width\":350,\"height\":100,\"caption\":\"lex4\"},\"image\":{\"@id\":\"https:\\\/\\\/lex4.es\\\/es#\\\/schema\\\/logo\\\/image\\\/\"}}]}<\/script>\n<!-- \/ Yoast SEO plugin. -->","yoast_head_json":{"title":"Pol\u00edtica de Privacidad - Lex4","description":"\u00bfQuieres conocer la pol\u00edtica de privacidad de datos de lex4? Encuentra toda la informaci\u00f3n en nuestra web.","robots":{"index":"index","follow":"follow","max-snippet":"max-snippet:-1","max-image-preview":"max-image-preview:large","max-video-preview":"max-video-preview:-1"},"canonical":"https:\/\/lex4.es\/es\/politica-de-privacidad","og_locale":"es_ES","og_type":"article","og_title":"Pol\u00edtica de Privacidad - Lex4","og_description":"\u00bfQuieres conocer la pol\u00edtica de privacidad de datos de lex4? Encuentra toda la informaci\u00f3n en nuestra web.","og_url":"https:\/\/lex4.es\/es\/politica-de-privacidad","og_site_name":"Lex4","article_modified_time":"2022-06-20T08:40:23+00:00","twitter_card":"summary_large_image","twitter_misc":{"Tiempo de lectura":"2 minutos"},"schema":{"@context":"https:\/\/schema.org","@graph":[{"@type":"WebPage","@id":"https:\/\/lex4.es\/es\/politica-de-privacidad","url":"https:\/\/lex4.es\/es\/politica-de-privacidad","name":"Pol\u00edtica de Privacidad - Lex4","isPartOf":{"@id":"https:\/\/lex4.es\/es#website"},"datePublished":"2022-03-12T10:23:34+00:00","dateModified":"2022-06-20T08:40:23+00:00","description":"\u00bfQuieres conocer la pol\u00edtica de privacidad de datos de lex4? Encuentra toda la informaci\u00f3n en nuestra web.","breadcrumb":{"@id":"https:\/\/lex4.es\/es\/politica-de-privacidad#breadcrumb"},"inLanguage":"es","potentialAction":[{"@type":"ReadAction","target":["https:\/\/lex4.es\/es\/politica-de-privacidad"]}]},{"@type":"BreadcrumbList","@id":"https:\/\/lex4.es\/es\/politica-de-privacidad#breadcrumb","itemListElement":[{"@type":"ListItem","position":1,"name":"Portada","item":"https:\/\/lex4.es\/es"},{"@type":"ListItem","position":2,"name":"Pol\u00edtica de Privacidad"}]},{"@type":"WebSite","@id":"https:\/\/lex4.es\/es#website","url":"https:\/\/lex4.es\/es","name":"Lex4","description":"Solicitors Marbella","publisher":{"@id":"https:\/\/lex4.es\/es#organization"},"potentialAction":[{"@type":"SearchAction","target":{"@type":"EntryPoint","urlTemplate":"https:\/\/lex4.es\/es?s={search_term_string}"},"query-input":{"@type":"PropertyValueSpecification","valueRequired":true,"valueName":"search_term_string"}}],"inLanguage":"es"},{"@type":"Organization","@id":"https:\/\/lex4.es\/es#organization","name":"lex4","url":"https:\/\/lex4.es\/es","logo":{"@type":"ImageObject","inLanguage":"es","@id":"https:\/\/lex4.es\/es#\/schema\/logo\/image\/","url":"https:\/\/lex4.es\/wp-content\/uploads\/2022\/01\/lex4-logo-web-verde.png","contentUrl":"https:\/\/lex4.es\/wp-content\/uploads\/2022\/01\/lex4-logo-web-verde.png","width":350,"height":100,"caption":"lex4"},"image":{"@id":"https:\/\/lex4.es\/es#\/schema\/logo\/image\/"}}]}},"_links":{"self":[{"href":"https:\/\/lex4.es\/es\/wp-json\/wp\/v2\/pages\/539","targetHints":{"allow":["GET"]}}],"collection":[{"href":"https:\/\/lex4.es\/es\/wp-json\/wp\/v2\/pages"}],"about":[{"href":"https:\/\/lex4.es\/es\/wp-json\/wp\/v2\/types\/page"}],"author":[{"embeddable":true,"href":"https:\/\/lex4.es\/es\/wp-json\/wp\/v2\/users\/1"}],"replies":[{"embeddable":true,"href":"https:\/\/lex4.es\/es\/wp-json\/wp\/v2\/comments?post=539"}],"version-history":[{"count":38,"href":"https:\/\/lex4.es\/es\/wp-json\/wp\/v2\/pages\/539\/revisions"}],"predecessor-version":[{"id":2107,"href":"https:\/\/lex4.es\/es\/wp-json\/wp\/v2\/pages\/539\/revisions\/2107"}],"wp:attachment":[{"href":"https:\/\/lex4.es\/es\/wp-json\/wp\/v2\/media?parent=539"}],"curies":[{"name":"wp","href":"https:\/\/api.w.org\/{rel}","templated":true}]}}