{"id":554,"date":"2022-03-12T10:40:36","date_gmt":"2022-03-12T10:40:36","guid":{"rendered":"https:\/\/lex4.es\/?page_id=554"},"modified":"2022-06-20T08:40:28","modified_gmt":"2022-06-20T08:40:28","slug":"aviso-legal","status":"publish","type":"page","link":"https:\/\/lex4.es\/es\/aviso-legal","title":{"rendered":"Aviso Legal"},"content":{"rendered":"\t\t<div data-elementor-type=\"wp-page\" data-elementor-id=\"554\" class=\"elementor elementor-554\" data-elementor-post-type=\"page\">\n\t\t\t\t\t\t<section class=\"elementor-section elementor-top-section elementor-element elementor-element-a13a943 elementor-section-boxed elementor-section-height-default elementor-section-height-default\" data-id=\"a13a943\" data-element_type=\"section\" data-e-type=\"section\">\n\t\t\t\t\t\t<div class=\"elementor-container elementor-column-gap-default\">\n\t\t\t\t\t<div class=\"elementor-column elementor-col-100 elementor-top-column elementor-element elementor-element-06df292\" data-id=\"06df292\" data-element_type=\"column\" data-e-type=\"column\">\n\t\t\t<div class=\"elementor-widget-wrap elementor-element-populated\">\n\t\t\t\t\t\t<div class=\"elementor-element elementor-element-7fcb07b elementor-widget elementor-widget-heading\" data-id=\"7fcb07b\" data-element_type=\"widget\" data-e-type=\"widget\" data-widget_type=\"heading.default\">\n\t\t\t\t<div class=\"elementor-widget-container\">\n\t\t\t\t\t<h2 class=\"elementor-heading-title elementor-size-default\">Aviso Legal<\/h2>\t\t\t\t<\/div>\n\t\t\t\t<\/div>\n\t\t\t\t<div class=\"elementor-element elementor-element-f66927f elementor-widget elementor-widget-heading\" data-id=\"f66927f\" data-element_type=\"widget\" data-e-type=\"widget\" data-widget_type=\"heading.default\">\n\t\t\t\t<div class=\"elementor-widget-container\">\n\t\t\t\t\t<h3 class=\"elementor-heading-title elementor-size-default\">Identidad del titular de la web<\/h3>\t\t\t\t<\/div>\n\t\t\t\t<\/div>\n\t\t\t\t<div class=\"elementor-element elementor-element-4585d26 elementor-widget elementor-widget-text-editor\" data-id=\"4585d26\" data-element_type=\"widget\" data-e-type=\"widget\" data-widget_type=\"text-editor.default\">\n\t\t\t\t<div class=\"elementor-widget-container\">\n\t\t\t\t\t\t\t\t\t<p>lex4 | Lex4 Associates SLP con NIF B09968231, con domicilio en Av. Cervantes Urbanizaci\u00f3n Playas del Arenal Portal 4, Planta 2, 53.29604 Marbella (M\u00e1laga), y correo electr\u00f3nico <a href=\"mailto:legal@lex4.es\">legal@lex4.es<\/a> es Titular de esta web, con dominio <a href=\"https:\/\/www.lex4.es\">https:\/\/www.lex4.es<\/a> .<\/p>\t\t\t\t\t\t\t\t<\/div>\n\t\t\t\t<\/div>\n\t\t\t\t<div class=\"elementor-element elementor-element-9f08812 elementor-widget elementor-widget-heading\" data-id=\"9f08812\" data-element_type=\"widget\" data-e-type=\"widget\" data-widget_type=\"heading.default\">\n\t\t\t\t<div class=\"elementor-widget-container\">\n\t\t\t\t\t<h3 class=\"elementor-heading-title elementor-size-default\">Aceptacion de las condiciones de uso<\/h3>\t\t\t\t<\/div>\n\t\t\t\t<\/div>\n\t\t\t\t<div class=\"elementor-element elementor-element-3ef5423 elementor-widget elementor-widget-text-editor\" data-id=\"3ef5423\" data-element_type=\"widget\" data-e-type=\"widget\" data-widget_type=\"text-editor.default\">\n\t\t\t\t<div class=\"elementor-widget-container\">\n\t\t\t\t\t\t\t\t\t<p>La utilizaci\u00f3n de este sitio Web atribuye al navegante, sea persona f\u00edsica o jur\u00eddica, la condici\u00f3n de USUARIO, lo cual implica la adhesi\u00f3n a los t\u00e9rminos y condiciones que a continuaci\u00f3n se indican. A todos los efectos, se contemplar\u00e1n los t\u00e9rminos y condiciones en la versi\u00f3n publicada en el momento en que se produzca el acceso. Se recomienda al USUARIO leer atentamente los t\u00e9rminos y condiciones que a continuaci\u00f3n se detallan antes de hacer uso de los servicios ofertados. As\u00ed mismo, el acceso a determinados servicios a trav\u00e9s de este sitio web puede encontrarse con ciertas condiciones particulares propias que, seg\u00fan los casos, sustituyen, completan y\/o modifican estas condiciones generales. Por tanto, con anterioridad al acceso y\/o utilizaci\u00f3n de nuestros servicios, el USUARIO debe leer atentamente tambi\u00e9n las correspondientes condiciones particulares. En caso de no aceptar las condiciones de uso, deber\u00e1 abstenerse de acceder y utilizar los servicios contenidos en esta Web. Las presentes condiciones de uso regulan el uso gen\u00e9rico de la Web por parte del USUARIO que tiene la posibilidad de visualizarla e imprimirlas. El Titular de la Web se reserva el derecho a modificar o suprimir en cualquier momento y sin previo aviso los contenidos, servicios e informaciones que se encuentran en esta Web, as\u00ed como a limitar o cancelar los t\u00e9rminos y condiciones aplicables a la Web.<\/p>\t\t\t\t\t\t\t\t<\/div>\n\t\t\t\t<\/div>\n\t\t\t\t<div class=\"elementor-element elementor-element-f00af75 elementor-widget elementor-widget-heading\" data-id=\"f00af75\" data-element_type=\"widget\" data-e-type=\"widget\" data-widget_type=\"heading.default\">\n\t\t\t\t<div class=\"elementor-widget-container\">\n\t\t\t\t\t<h3 class=\"elementor-heading-title elementor-size-default\">Propiedad intelectual e industrial<\/h3>\t\t\t\t<\/div>\n\t\t\t\t<\/div>\n\t\t\t\t<div class=\"elementor-element elementor-element-6d757a9 elementor-widget elementor-widget-text-editor\" data-id=\"6d757a9\" data-element_type=\"widget\" data-e-type=\"widget\" data-widget_type=\"text-editor.default\">\n\t\t\t\t<div class=\"elementor-widget-container\">\n\t\t\t\t\t\t\t\t\t<p>El contenido de esta Web se encuentra protegido por las Leyes sobre Propiedad Intelectual e Industrial. El sitio web, incluyendo un t\u00edtulo enunciativo pero no limitativo su programaci\u00f3n, edici\u00f3n, compilaci\u00f3n y dem\u00e1s elementos necesarios para su funcionamiento, los dise\u00f1os, logotipos, texto y\/o gr\u00e1ficos son propiedad del responsable de la Web o en su caso dispone de licencia o autorizaci\u00f3n expresa por parte de los autores. Independientemente de la finalidad para la que est\u00e1n destinados, la reproducci\u00f3n total o parcial, uso, explotaci\u00f3n, distribuci\u00f3n y comercializaci\u00f3n, requiere en todo caso de la autorizaci\u00f3n escrita previa por parte del Titular de la Web. La infracci\u00f3n de cualquiera de los citados derechos puede constituir una vulneraci\u00f3n de las presentes disposiciones, as\u00ed como un delito castigado de acuerdo con los art\u00edculos 270 y siguientes del C\u00f3digo Penal. Los dise\u00f1os, logotipos, texto y\/o gr\u00e1ficos ajenos al responsable de la Web y que pudieran aparecer en el sitio web, pertenecen a sus respectivos propietarios, siendo ellos mismos responsables de cualquier posible controversia que pudiera suscitarse respecto a los mismos. En todo caso, se cuenta con la autorizaci\u00f3n expresa y previa por parte de los mismos.<\/p><p>Las reclamaciones que pudieran interponerse por los USUARIOS en relaci\u00f3n con posibles incumplimientos de los derechos de propiedad intelectual o industrial sobre cuales quieran de los contenidos de este sitio web deben dirigirse al correo electr\u00f3nico <a href=\"mailto:legal@lex4.es\">legal@lex4.es<\/a><\/p>\t\t\t\t\t\t\t\t<\/div>\n\t\t\t\t<\/div>\n\t\t\t\t<div class=\"elementor-element elementor-element-874ed7a elementor-widget elementor-widget-heading\" data-id=\"874ed7a\" data-element_type=\"widget\" data-e-type=\"widget\" data-widget_type=\"heading.default\">\n\t\t\t\t<div class=\"elementor-widget-container\">\n\t\t\t\t\t<h3 class=\"elementor-heading-title elementor-size-default\">Acceso a la web<\/h3>\t\t\t\t<\/div>\n\t\t\t\t<\/div>\n\t\t\t\t<div class=\"elementor-element elementor-element-d4292c9 elementor-widget elementor-widget-text-editor\" data-id=\"d4292c9\" data-element_type=\"widget\" data-e-type=\"widget\" data-widget_type=\"text-editor.default\">\n\t\t\t\t<div class=\"elementor-widget-container\">\n\t\t\t\t\t\t\t\t\tNuestra Web puede ser visitada por cualquier USUARIO de forma libre y gratuita. Los datos de Car\u00e1cter Personal que nos faciliten ser\u00e1n siempre tratados de conformidad con lo dispuesto en la normativa vigente.\t\t\t\t\t\t\t\t<\/div>\n\t\t\t\t<\/div>\n\t\t\t\t<div class=\"elementor-element elementor-element-e2d6a94 elementor-widget elementor-widget-heading\" data-id=\"e2d6a94\" data-element_type=\"widget\" data-e-type=\"widget\" data-widget_type=\"heading.default\">\n\t\t\t\t<div class=\"elementor-widget-container\">\n\t\t\t\t\t<h3 class=\"elementor-heading-title elementor-size-default\">Uso incorrecto del sitio web<\/h3>\t\t\t\t<\/div>\n\t\t\t\t<\/div>\n\t\t\t\t<div class=\"elementor-element elementor-element-ba652f4 elementor-widget elementor-widget-text-editor\" data-id=\"ba652f4\" data-element_type=\"widget\" data-e-type=\"widget\" data-widget_type=\"text-editor.default\">\n\t\t\t\t<div class=\"elementor-widget-container\">\n\t\t\t\t\t\t\t\t\t<p>El USUARIO se compromete a utilizar la Web, los contenidos y los servicios de acuerdo con la Ley, con las buenas costumbres y el orden p\u00fablico.<\/p><p>El USUARIO se obliga y compromete a:<\/p><ul><li>No utilizar la Web o los servicios que se prestan a trav\u00e9s de ella con finalidades o efectos il\u00edcitos o contrarios al contenido de este Aviso Legal que lesionen los intereses o derechos de terceros, o que de cualquier forma pueda da\u00f1ar, inutilizar o deteriorar la Web o sus servicios o impiden un uso satisfactorio de la Web a otros usuarios.<\/li><li>No destruir, alterar, inutilizar o, de cualquier otra forma, da\u00f1ar los datos, los programas o los documentos electr\u00f3nicos y otros que se encuentren en la Web.<\/li><li>No introduzca programas, virus, macro, mini aplicaciones o cualquier otro dispositivo l\u00f3gico o secuencia de caracteres que causen o puedan causar cualquier tipo de deterioro en los sistemas inform\u00e1ticos del responsable de la Web o de terceros.<\/li><li>No hacer mal uso de informaciones, mensajes, gr\u00e1ficos, dibujos, archivos de sonido y\/o imagen, fotograf\u00edas, grabaciones, software y, en general, cualquier clase de material accesible a trav\u00e9s de la Web o de los servicios que ofrece.<\/li><li>No introducir actuaciones, actitudes o ideas discriminatorias por raz\u00f3n de sexo, raza, religi\u00f3n, creencias, edad o condici\u00f3n.<\/li><li>Asimismo, el responsable de la web se reserva el derecho a denegar o retirar el acceso a la Web y\/oa los servicios en cualquier momento y sin necesidad de previo aviso a aquellos USUARIOS que incumplen estas condiciones generales.<\/li><\/ul>\t\t\t\t\t\t\t\t<\/div>\n\t\t\t\t<\/div>\n\t\t\t\t<div class=\"elementor-element elementor-element-877daf7 elementor-widget elementor-widget-heading\" data-id=\"877daf7\" data-element_type=\"widget\" data-e-type=\"widget\" data-widget_type=\"heading.default\">\n\t\t\t\t<div class=\"elementor-widget-container\">\n\t\t\t\t\t<h3 class=\"elementor-heading-title elementor-size-default\">R\u00e9gimen de responsabilidad<\/h3>\t\t\t\t<\/div>\n\t\t\t\t<\/div>\n\t\t\t\t<div class=\"elementor-element elementor-element-59fc47b elementor-widget elementor-widget-text-editor\" data-id=\"59fc47b\" data-element_type=\"widget\" data-e-type=\"widget\" data-widget_type=\"text-editor.default\">\n\t\t\t\t<div class=\"elementor-widget-container\">\n\t\t\t\t\t\t\t\t\t<p>El responsable de la web no se har\u00e1 responsable, directa ni subsidiariamente de:<\/p><ul><li>La calidad del servicio, la velocidad de acceso, el correcto funcionamiento ni la disponibilidad ni la continuidad del funcionamiento de la Web.<\/li><li>Que existan interrupciones del servicio, demoras, errores, mal funcionamiento del mismo y, en general, otros inconvenientes que tengan su origen en causa que escapen del control del Titular de la Web.<\/li><li>Una actuaci\u00f3n dolorosa o culpable del USUARIO y\/o tiene por origen causas de fuerza mayor. En cualquier caso, sea cual fuere su causa.<\/li><li>Da\u00f1os directos o indirectos, da\u00f1o emergente y\/o por lucro cesante.<\/li><li>Los contenidos y opiniones de terceros ni de la informaci\u00f3n contenida en p\u00e1ginas Web de terceros a las que se pueda acceder por enlaces o buscadores del sitio Web.<\/li><li>Los da\u00f1os que pueden causarse en los equipos de los USUARIOS por posibles virus inform\u00e1ticos contra\u00eddos a causa de su navegaci\u00f3n en el sitio web o por cualquier otro da\u00f1o derivado de esa navegaci\u00f3n.<\/li><li>Del incumplimiento de la Ley, la moral y las buenas costumbres generalmente aceptadas o el orden p\u00fablico como consecuencia de la transmisi\u00f3n, difusi\u00f3n, almacenamiento, puesta a disposici\u00f3n, recepci\u00f3n, obtenci\u00f3n o acceso a los contenidos.<\/li><li>Los vicios, y defectos de toda clase de los transmisiones, difundidos, almacenados o puestos a disposici\u00f3n, la falta de actualizaci\u00f3n o de exactitud de los mismos, ni de su calidad cient\u00edfica en su caso.<\/li><li>As\u00ed mismo, el Titular no garantiza que la Web y el servidor est\u00e9n libres de virus y no se hace responsable de los da\u00f1os causados por el acceso a la Web o por la imposibilidad de acceder.<\/li><li>El Titular tendr\u00e1 derecho, sin que exista indemnizaci\u00f3n alguna al USUARIO por estos conceptos, a suspender temporalmente los servicios y contenidos del sitio Web para efectuar operaciones de mantenimiento, mejora o reparaci\u00f3n de los mismos.<\/li><\/ul>\t\t\t\t\t\t\t\t<\/div>\n\t\t\t\t<\/div>\n\t\t\t\t<div class=\"elementor-element elementor-element-a1c2043 elementor-widget elementor-widget-heading\" data-id=\"a1c2043\" data-element_type=\"widget\" data-e-type=\"widget\" data-widget_type=\"heading.default\">\n\t\t\t\t<div class=\"elementor-widget-container\">\n\t\t\t\t\t<h3 class=\"elementor-heading-title elementor-size-default\">Protecci\u00f3n de datos<\/h3>\t\t\t\t<\/div>\n\t\t\t\t<\/div>\n\t\t\t\t<div class=\"elementor-element elementor-element-140eaff elementor-widget elementor-widget-text-editor\" data-id=\"140eaff\" data-element_type=\"widget\" data-e-type=\"widget\" data-widget_type=\"text-editor.default\">\n\t\t\t\t<div class=\"elementor-widget-container\">\n\t\t\t\t\t\t\t\t\t<p>De conformidad con lo establecido en la Ley Org\u00e1nica 3\/2018 de Protecci\u00f3n de Datos Personales y garant\u00eda de los derechos digitales, le informamos que la informaci\u00f3n que facilite el Usuario se incorporar\u00e1 al sistema de tratamiento titularidad del Responsable con la finalidad de poder facilitar, agilizar y cumplir los compromisos establecidos entre ambas partes. As\u00ed mismo, el Titular y Responsable informa que los datos ser\u00e1n conservados durante el plazo estrictamente necesario para cumplir con los preceptos mencionados con anterioridad. Mientras Vd. no comunique lo contrario, entenderemos que sus datos no han sido modificados, que usted se compromete a notificarnos cualquier variaci\u00f3n y que tenemos su consentimiento para utilizarlos para las finalidades mencionadas. Se le informar\u00e1 que proceder\u00e1 a tratar los datos de manera l\u00edcita, leal, transparente, adecuada, pertinente, limitada, exacta y actualizada. Es por ello que el Responsable se compromete a adoptar todas las medidas razonables para que estas se supriman o rectifiquen sin dilataci\u00f3n cuando sean inexactos. De acuerdo con los derechos que le confieren la normativa vigente en materia de Protecci\u00f3n de Datos, el Usuario podr\u00e1 ejercer los derechos de acceso, rectificaci\u00f3n, limitaci\u00f3n de tratamiento, supresi\u00f3n, portabilidad y oposici\u00f3n al tratamiento de sus datos de car\u00e1cter personal as\u00ed como del consentimiento prestado para el tratamiento de los mismos, debiendo dirigir su petici\u00f3n por escrito e identific\u00e1ndose suficientemente a la direcci\u00f3n citada en el punto 1.<\/p><p>As\u00ed mismo, tambi\u00e9n podr\u00e1 acudir a la Autoridad de Control para presentar la reclamaci\u00f3n que considere oportuna.<\/p>\t\t\t\t\t\t\t\t<\/div>\n\t\t\t\t<\/div>\n\t\t\t\t<div class=\"elementor-element elementor-element-c301681 elementor-widget elementor-widget-heading\" data-id=\"c301681\" data-element_type=\"widget\" data-e-type=\"widget\" data-widget_type=\"heading.default\">\n\t\t\t\t<div class=\"elementor-widget-container\">\n\t\t\t\t\t<h3 class=\"elementor-heading-title elementor-size-default\">Publicidad<\/h3>\t\t\t\t<\/div>\n\t\t\t\t<\/div>\n\t\t\t\t<div class=\"elementor-element elementor-element-d198c91 elementor-widget elementor-widget-text-editor\" data-id=\"d198c91\" data-element_type=\"widget\" data-e-type=\"widget\" data-widget_type=\"text-editor.default\">\n\t\t\t\t<div class=\"elementor-widget-container\">\n\t\t\t\t\t\t\t\t\t<p>Conforme a lo regulado por la Ley 34\/2002, de 11 de julio, de Servicios de la Sociedad de la Informaci\u00f3n y Comercio Electr\u00f3nico (LSSICE) la pol\u00edtica respecto al correo electr\u00f3nico se centra en remitir \u00fanicamente comunicaciones que e lUSUARIO haya solicitado recibir habiendo trasladado de modo voluntario y expreso su consentimiento. Si el Usuario desea recibir estas comunicaciones, deber\u00e1 dirigirse a su petici\u00f3n por escrito e identific\u00e1ndose suficientemente a la direcci\u00f3n electr\u00f3nica <a href=\"mailto:legal@lex4.es\">legal@lex4.es<\/a><\/p>\t\t\t\t\t\t\t\t<\/div>\n\t\t\t\t<\/div>\n\t\t\t\t<div class=\"elementor-element elementor-element-f1b4158 elementor-widget elementor-widget-heading\" data-id=\"f1b4158\" data-element_type=\"widget\" data-e-type=\"widget\" data-widget_type=\"heading.default\">\n\t\t\t\t<div class=\"elementor-widget-container\">\n\t\t\t\t\t<h3 class=\"elementor-heading-title elementor-size-default\">Legislaci\u00f3n aplicable y competencia judicial<\/h3>\t\t\t\t<\/div>\n\t\t\t\t<\/div>\n\t\t\t\t<div class=\"elementor-element elementor-element-d0be0d2 elementor-widget elementor-widget-text-editor\" data-id=\"d0be0d2\" data-element_type=\"widget\" data-e-type=\"widget\" data-widget_type=\"text-editor.default\">\n\t\t\t\t<div class=\"elementor-widget-container\">\n\t\t\t\t\t\t\t\t\tLas presentes condiciones est\u00e1n redactadas en espa\u00f1ol, y se encuentran sujetas a la legislaci\u00f3n espa\u00f1ola vigente. Para toda cuesti\u00f3n litigiosa o que incumba a \u00e9ste sitio Web ser\u00e1n competentes los Juzgados y Tribunales de Madrid, Espa\u00f1a.\t\t\t\t\t\t\t\t<\/div>\n\t\t\t\t<\/div>\n\t\t\t\t\t<\/div>\n\t\t<\/div>\n\t\t\t\t\t<\/div>\n\t\t<\/section>\n\t\t\t\t<\/div>\n\t\t","protected":false},"excerpt":{"rendered":"<p>Aviso Legal Identidad del titular de la web lex4 | Lex4 Associates SLP con NIF B09968231, con domicilio en Av. Cervantes Urbanizaci\u00f3n Playas del Arenal Portal 4, Planta 2, 53.29604 Marbella (M\u00e1laga), y correo electr\u00f3nico legal@lex4.es es Titular de esta web, con dominio https:\/\/www.lex4.es . Aceptacion de las condiciones de uso La utilizaci\u00f3n de este [&hellip;]<\/p>\n","protected":false},"author":1,"featured_media":0,"parent":0,"menu_order":0,"comment_status":"closed","ping_status":"closed","template":"","meta":{"_joinchat":[],"footnotes":""},"class_list":["post-554","page","type-page","status-publish","hentry"],"yoast_head":"<!-- This site is optimized with the Yoast SEO plugin v27.5 - https:\/\/yoast.com\/product\/yoast-seo-wordpress\/ -->\n<title>Aviso Legal - Lex4<\/title>\n<meta name=\"description\" content=\"Conoce m\u00e1s sobre nuestro cumplimiento con la normativa vigente en materia de Protecci\u00f3n de Datos en lex4.\" \/>\n<meta name=\"robots\" content=\"index, follow, max-snippet:-1, max-image-preview:large, max-video-preview:-1\" \/>\n<link rel=\"canonical\" href=\"https:\/\/lex4.es\/es\/aviso-legal\" \/>\n<meta property=\"og:locale\" content=\"es_ES\" \/>\n<meta property=\"og:type\" content=\"article\" \/>\n<meta property=\"og:title\" content=\"Aviso Legal - Lex4\" \/>\n<meta property=\"og:description\" content=\"Conoce m\u00e1s sobre nuestro cumplimiento con la normativa vigente en materia de Protecci\u00f3n de Datos en lex4.\" \/>\n<meta property=\"og:url\" content=\"https:\/\/lex4.es\/es\/aviso-legal\" \/>\n<meta property=\"og:site_name\" content=\"Lex4\" \/>\n<meta property=\"article:modified_time\" content=\"2022-06-20T08:40:28+00:00\" \/>\n<meta name=\"twitter:card\" content=\"summary_large_image\" \/>\n<meta name=\"twitter:label1\" content=\"Tiempo de lectura\" \/>\n\t<meta name=\"twitter:data1\" content=\"7 minutos\" \/>\n<script type=\"application\/ld+json\" class=\"yoast-schema-graph\">{\"@context\":\"https:\\\/\\\/schema.org\",\"@graph\":[{\"@type\":\"WebPage\",\"@id\":\"https:\\\/\\\/lex4.es\\\/es\\\/aviso-legal\",\"url\":\"https:\\\/\\\/lex4.es\\\/es\\\/aviso-legal\",\"name\":\"Aviso Legal - Lex4\",\"isPartOf\":{\"@id\":\"https:\\\/\\\/lex4.es\\\/es#website\"},\"datePublished\":\"2022-03-12T10:40:36+00:00\",\"dateModified\":\"2022-06-20T08:40:28+00:00\",\"description\":\"Conoce m\u00e1s sobre nuestro cumplimiento con la normativa vigente en materia de Protecci\u00f3n de Datos en lex4.\",\"breadcrumb\":{\"@id\":\"https:\\\/\\\/lex4.es\\\/es\\\/aviso-legal#breadcrumb\"},\"inLanguage\":\"es\",\"potentialAction\":[{\"@type\":\"ReadAction\",\"target\":[\"https:\\\/\\\/lex4.es\\\/es\\\/aviso-legal\"]}]},{\"@type\":\"BreadcrumbList\",\"@id\":\"https:\\\/\\\/lex4.es\\\/es\\\/aviso-legal#breadcrumb\",\"itemListElement\":[{\"@type\":\"ListItem\",\"position\":1,\"name\":\"Portada\",\"item\":\"https:\\\/\\\/lex4.es\\\/es\"},{\"@type\":\"ListItem\",\"position\":2,\"name\":\"Aviso Legal\"}]},{\"@type\":\"WebSite\",\"@id\":\"https:\\\/\\\/lex4.es\\\/es#website\",\"url\":\"https:\\\/\\\/lex4.es\\\/es\",\"name\":\"Lex4\",\"description\":\"Solicitors Marbella\",\"publisher\":{\"@id\":\"https:\\\/\\\/lex4.es\\\/es#organization\"},\"potentialAction\":[{\"@type\":\"SearchAction\",\"target\":{\"@type\":\"EntryPoint\",\"urlTemplate\":\"https:\\\/\\\/lex4.es\\\/es?s={search_term_string}\"},\"query-input\":{\"@type\":\"PropertyValueSpecification\",\"valueRequired\":true,\"valueName\":\"search_term_string\"}}],\"inLanguage\":\"es\"},{\"@type\":\"Organization\",\"@id\":\"https:\\\/\\\/lex4.es\\\/es#organization\",\"name\":\"lex4\",\"url\":\"https:\\\/\\\/lex4.es\\\/es\",\"logo\":{\"@type\":\"ImageObject\",\"inLanguage\":\"es\",\"@id\":\"https:\\\/\\\/lex4.es\\\/es#\\\/schema\\\/logo\\\/image\\\/\",\"url\":\"https:\\\/\\\/lex4.es\\\/wp-content\\\/uploads\\\/2022\\\/01\\\/lex4-logo-web-verde.png\",\"contentUrl\":\"https:\\\/\\\/lex4.es\\\/wp-content\\\/uploads\\\/2022\\\/01\\\/lex4-logo-web-verde.png\",\"width\":350,\"height\":100,\"caption\":\"lex4\"},\"image\":{\"@id\":\"https:\\\/\\\/lex4.es\\\/es#\\\/schema\\\/logo\\\/image\\\/\"}}]}<\/script>\n<!-- \/ Yoast SEO plugin. -->","yoast_head_json":{"title":"Aviso Legal - Lex4","description":"Conoce m\u00e1s sobre nuestro cumplimiento con la normativa vigente en materia de Protecci\u00f3n de Datos en lex4.","robots":{"index":"index","follow":"follow","max-snippet":"max-snippet:-1","max-image-preview":"max-image-preview:large","max-video-preview":"max-video-preview:-1"},"canonical":"https:\/\/lex4.es\/es\/aviso-legal","og_locale":"es_ES","og_type":"article","og_title":"Aviso Legal - Lex4","og_description":"Conoce m\u00e1s sobre nuestro cumplimiento con la normativa vigente en materia de Protecci\u00f3n de Datos en lex4.","og_url":"https:\/\/lex4.es\/es\/aviso-legal","og_site_name":"Lex4","article_modified_time":"2022-06-20T08:40:28+00:00","twitter_card":"summary_large_image","twitter_misc":{"Tiempo de lectura":"7 minutos"},"schema":{"@context":"https:\/\/schema.org","@graph":[{"@type":"WebPage","@id":"https:\/\/lex4.es\/es\/aviso-legal","url":"https:\/\/lex4.es\/es\/aviso-legal","name":"Aviso Legal - Lex4","isPartOf":{"@id":"https:\/\/lex4.es\/es#website"},"datePublished":"2022-03-12T10:40:36+00:00","dateModified":"2022-06-20T08:40:28+00:00","description":"Conoce m\u00e1s sobre nuestro cumplimiento con la normativa vigente en materia de Protecci\u00f3n de Datos en lex4.","breadcrumb":{"@id":"https:\/\/lex4.es\/es\/aviso-legal#breadcrumb"},"inLanguage":"es","potentialAction":[{"@type":"ReadAction","target":["https:\/\/lex4.es\/es\/aviso-legal"]}]},{"@type":"BreadcrumbList","@id":"https:\/\/lex4.es\/es\/aviso-legal#breadcrumb","itemListElement":[{"@type":"ListItem","position":1,"name":"Portada","item":"https:\/\/lex4.es\/es"},{"@type":"ListItem","position":2,"name":"Aviso Legal"}]},{"@type":"WebSite","@id":"https:\/\/lex4.es\/es#website","url":"https:\/\/lex4.es\/es","name":"Lex4","description":"Solicitors Marbella","publisher":{"@id":"https:\/\/lex4.es\/es#organization"},"potentialAction":[{"@type":"SearchAction","target":{"@type":"EntryPoint","urlTemplate":"https:\/\/lex4.es\/es?s={search_term_string}"},"query-input":{"@type":"PropertyValueSpecification","valueRequired":true,"valueName":"search_term_string"}}],"inLanguage":"es"},{"@type":"Organization","@id":"https:\/\/lex4.es\/es#organization","name":"lex4","url":"https:\/\/lex4.es\/es","logo":{"@type":"ImageObject","inLanguage":"es","@id":"https:\/\/lex4.es\/es#\/schema\/logo\/image\/","url":"https:\/\/lex4.es\/wp-content\/uploads\/2022\/01\/lex4-logo-web-verde.png","contentUrl":"https:\/\/lex4.es\/wp-content\/uploads\/2022\/01\/lex4-logo-web-verde.png","width":350,"height":100,"caption":"lex4"},"image":{"@id":"https:\/\/lex4.es\/es#\/schema\/logo\/image\/"}}]}},"_links":{"self":[{"href":"https:\/\/lex4.es\/es\/wp-json\/wp\/v2\/pages\/554","targetHints":{"allow":["GET"]}}],"collection":[{"href":"https:\/\/lex4.es\/es\/wp-json\/wp\/v2\/pages"}],"about":[{"href":"https:\/\/lex4.es\/es\/wp-json\/wp\/v2\/types\/page"}],"author":[{"embeddable":true,"href":"https:\/\/lex4.es\/es\/wp-json\/wp\/v2\/users\/1"}],"replies":[{"embeddable":true,"href":"https:\/\/lex4.es\/es\/wp-json\/wp\/v2\/comments?post=554"}],"version-history":[{"count":42,"href":"https:\/\/lex4.es\/es\/wp-json\/wp\/v2\/pages\/554\/revisions"}],"predecessor-version":[{"id":2679,"href":"https:\/\/lex4.es\/es\/wp-json\/wp\/v2\/pages\/554\/revisions\/2679"}],"wp:attachment":[{"href":"https:\/\/lex4.es\/es\/wp-json\/wp\/v2\/media?parent=554"}],"curies":[{"name":"wp","href":"https:\/\/api.w.org\/{rel}","templated":true}]}}